{"id":985,"date":"2021-12-12T18:10:00","date_gmt":"2021-12-12T17:10:00","guid":{"rendered":"https:\/\/centre-des-buttes-chaumont.org\/?page_id=985"},"modified":"2024-05-05T18:39:16","modified_gmt":"2024-05-05T17:39:16","slug":"formation-sur-site","status":"publish","type":"page","link":"https:\/\/centre-des-buttes-chaumont.org\/index.php\/formations\/formation-sur-site\/","title":{"rendered":"Formations sur site"},"content":{"rendered":"\n<h2 class=\"wp-block-heading\">Organiser une formation dans votre structure<\/h2>\n\n\n\n<p><\/p>\n\n\n\n<p><\/p>\n\n\n\n<p><\/p>\n\n\n\n<p><\/p>\n\n\n\n<p><\/p>\n\n\n\n<p>Pr\u00e9curseurs et experts de la formation pluridisciplinaire en institution et de la formation pluri-institutionnelle depuis plus de 30 ans sur les questions des violences intrafamiliales, notamment sexuelles, nous \u00e9laborons en concertation avec vous des formations adapt\u00e9es aux besoins sp\u00e9cifiques de votre ou de vos \u00e9tablissements.<\/p>\n\n\n\n<p>Formats possibles : demi-journ\u00e9e, journ\u00e9e, sessions ponctuelles ou r\u00e9guli\u00e8res de plusieurs jours \u00e0 plusieurs ann\u00e9es.<\/p>\n\n\n\n<p>Contactez-nous pour \u00e9changer sur vos questionnements en lien avec la prise en charge des familles, des victimes et des auteurs de maltraitances sexuelles, physiques et psychologiques, afin d&rsquo;\u00e9laborer une formation calibr\u00e9e sur vos attentes.<\/p>\n\n\n\n<p><br><a href=\"https:\/\/centre-des-buttes-chaumont.org\/wp-content\/uploads\/2024\/05\/1.1.4-Descriptif-Buttes-Chaumont.-Enfants-victimes-de-violences-sexuelles.-Detecter-en-parler-agir-6H-V3.pdf\" class=\"mtli_attachment mtli_pdf\" data-type=\"link\" data-id=\"https:\/\/centre-des-buttes-chaumont.org\/wp-content\/uploads\/2024\/05\/1.1.4-Descriptif-Buttes-Chaumont.-Enfants-victimes-de-violences-sexuelles.-Detecter-en-parler-agir-6H-V3.pdf\">T\u00e9l\u00e9charger un exemple de programme de formation<\/a><\/p>\n\n\n\n<p>Le Centre des Buttes-Chaumont est certifi\u00e9 Qualiopi pour les Actions de Formation.<\/p>\n\n","protected":false},"excerpt":{"rendered":"<p>Organiser une formation dans votre structure Pr\u00e9curseurs et experts de la formation pluridisciplinaire en institution et de la formation pluri-institutionnelle depuis plus de 30 ans sur les questions des violences intrafamiliales, notamment sexuelles, nous \u00e9laborons en concertation avec vous des formations adapt\u00e9es aux besoins sp\u00e9cifiques de votre ou de vos \u00e9tablissements. Formats possibles : demi-journ\u00e9e, [&hellip;]<\/p>\n","protected":false},"author":2,"featured_media":0,"parent":13,"menu_order":3,"comment_status":"closed","ping_status":"closed","template":"","meta":{"jetpack_post_was_ever_published":false,"footnotes":""},"class_list":["post-985","page","type-page","status-publish","hentry"],"jetpack_sharing_enabled":true,"jetpack_shortlink":"https:\/\/wp.me\/P7cYqF-fT","jetpack-related-posts":[],"_links":{"self":[{"href":"https:\/\/centre-des-buttes-chaumont.org\/index.php\/wp-json\/wp\/v2\/pages\/985","targetHints":{"allow":["GET"]}}],"collection":[{"href":"https:\/\/centre-des-buttes-chaumont.org\/index.php\/wp-json\/wp\/v2\/pages"}],"about":[{"href":"https:\/\/centre-des-buttes-chaumont.org\/index.php\/wp-json\/wp\/v2\/types\/page"}],"author":[{"embeddable":true,"href":"https:\/\/centre-des-buttes-chaumont.org\/index.php\/wp-json\/wp\/v2\/users\/2"}],"replies":[{"embeddable":true,"href":"https:\/\/centre-des-buttes-chaumont.org\/index.php\/wp-json\/wp\/v2\/comments?post=985"}],"version-history":[{"count":67,"href":"https:\/\/centre-des-buttes-chaumont.org\/index.php\/wp-json\/wp\/v2\/pages\/985\/revisions"}],"predecessor-version":[{"id":1810,"href":"https:\/\/centre-des-buttes-chaumont.org\/index.php\/wp-json\/wp\/v2\/pages\/985\/revisions\/1810"}],"up":[{"embeddable":true,"href":"https:\/\/centre-des-buttes-chaumont.org\/index.php\/wp-json\/wp\/v2\/pages\/13"}],"wp:attachment":[{"href":"https:\/\/centre-des-buttes-chaumont.org\/index.php\/wp-json\/wp\/v2\/media?parent=985"}],"curies":[{"name":"wp","href":"https:\/\/api.w.org\/{rel}","templated":true}]}}