{"id":8,"date":"2016-02-05T20:17:46","date_gmt":"2016-02-05T19:17:46","guid":{"rendered":"http:\/\/centre-des-buttes-chaumont.org\/wp_cdbc\/?page_id=8"},"modified":"2022-01-22T20:49:15","modified_gmt":"2022-01-22T19:49:15","slug":"contact","status":"publish","type":"page","link":"https:\/\/centre-des-buttes-chaumont.org\/index.php\/contact\/","title":{"rendered":"Contact"},"content":{"rendered":"<h2>Adresse<\/h2>\n<p>Centre des Buttes-Chaumont<br \/>\n20, rue du Rhin<br \/>\n75019 PARIS<br \/>\n(m\u00e9tro : Laumi\u00e8re)<br \/>\nT\u00e9l. : 01 42 40 03 39<\/p>\n<p><a href=\"https:\/\/centre-des-buttes-chaumont.org\/index.php\/contact\/envoyez-nous-un-message\/https:\/\/centre-des-buttes-chaumont.org\/index.php\/contact\/envoyez-nous-un-message\/\"><br \/>\nPour nous contacter cliquer sur ce lien<\/a><\/p>\n<h2>Plan<\/h2>\n<p><a href=\"https:\/\/centre-des-buttes-chaumont.org\/index.php\/contact\/envoyez-nous-un-message\/https:\/\/centre-des-buttes-chaumont.org\/index.php\/contact\/envoyez-nous-un-message\/\"><\/a><a href=\"https:\/\/centre-des-buttes-chaumont.org\/index.php\/contact\/envoyez-nous-un-message\/https:\/\/centre-des-buttes-chaumont.org\/index.php\/contact\/envoyez-nous-un-message\/\">Plan disponible sur <\/a><a href=\"https:\/\/www.google.fr\/maps\/place\/20+Rue+du+Rhin,+75019+Paris\/@48.8842913,2.3815871,16z\/data=!4m2!3m1!1s0x47e66dc53a4247ef:0xad1790a57fe2a3d7\">Google Maps<\/a>.<\/p>\n","protected":false},"excerpt":{"rendered":"<p>Adresse Centre des Buttes-Chaumont 20, rue du Rhin 75019 PARIS (m\u00e9tro : Laumi\u00e8re) T\u00e9l. : 01 42 40 03 39 Pour nous contacter cliquer sur ce lien Plan Plan disponible sur Google Maps.<\/p>\n","protected":false},"author":1,"featured_media":0,"parent":0,"menu_order":7,"comment_status":"closed","ping_status":"closed","template":"","meta":{"jetpack_post_was_ever_published":false,"footnotes":""},"class_list":["post-8","page","type-page","status-publish","hentry"],"jetpack_sharing_enabled":true,"jetpack_shortlink":"https:\/\/wp.me\/P7cYqF-8","jetpack-related-posts":[],"_links":{"self":[{"href":"https:\/\/centre-des-buttes-chaumont.org\/index.php\/wp-json\/wp\/v2\/pages\/8","targetHints":{"allow":["GET"]}}],"collection":[{"href":"https:\/\/centre-des-buttes-chaumont.org\/index.php\/wp-json\/wp\/v2\/pages"}],"about":[{"href":"https:\/\/centre-des-buttes-chaumont.org\/index.php\/wp-json\/wp\/v2\/types\/page"}],"author":[{"embeddable":true,"href":"https:\/\/centre-des-buttes-chaumont.org\/index.php\/wp-json\/wp\/v2\/users\/1"}],"replies":[{"embeddable":true,"href":"https:\/\/centre-des-buttes-chaumont.org\/index.php\/wp-json\/wp\/v2\/comments?post=8"}],"version-history":[{"count":8,"href":"https:\/\/centre-des-buttes-chaumont.org\/index.php\/wp-json\/wp\/v2\/pages\/8\/revisions"}],"predecessor-version":[{"id":1335,"href":"https:\/\/centre-des-buttes-chaumont.org\/index.php\/wp-json\/wp\/v2\/pages\/8\/revisions\/1335"}],"wp:attachment":[{"href":"https:\/\/centre-des-buttes-chaumont.org\/index.php\/wp-json\/wp\/v2\/media?parent=8"}],"curies":[{"name":"wp","href":"https:\/\/api.w.org\/{rel}","templated":true}]}}