{"id":41,"date":"2016-02-05T21:09:29","date_gmt":"2016-02-05T20:09:29","guid":{"rendered":"http:\/\/centre-des-buttes-chaumont.org\/wp_cdbc\/?page_id=41"},"modified":"2025-03-23T12:25:54","modified_gmt":"2025-03-23T11:25:54","slug":"bibliographie","status":"publish","type":"page","link":"https:\/\/centre-des-buttes-chaumont.org\/index.php\/bibliographie\/","title":{"rendered":"Bibliographie"},"content":{"rendered":"\n<figure class=\"wp-block-gallery has-nested-images columns-default is-cropped wp-block-gallery-2 is-layout-flex wp-block-gallery-is-layout-flex\"><\/figure>\n\n\n<h3>\u00a0<\/h3>\n<h3>Quand la Famille Marche sur la T\u00eate<br \/>Inceste, P\u00e9dophilie, Maltraitance<\/h3>\n<p>Martine Nisse, Pierre Sabourin<br \/>ed. du Seuil 2004<\/p>\n<p><a href=\"https:\/\/i0.wp.com\/centre-des-buttes-chaumont.org\/wp-content\/uploads\/2021\/01\/Quand-la-famille-1_Couv-5.jpg?ssl=1\"><img data-recalc-dims=\"1\" height=\"300\" width=\"199\" decoding=\"async\" src=\"https:\/\/i0.wp.com\/centre-des-buttes-chaumont.org\/wp-content\/uploads\/2021\/01\/Quand-la-famille-1_Couv-5.jpg?resize=199%2C300&#038;ssl=1\" alt=\"\" \/><\/a><\/p>\n<h3>\u00a0<\/h3>\n<h3>Soigner la victime et et sa famille quand la justice p\u00e9nale est en marche<\/h3>\n<p>Martine Nisse<br \/>In : S. Joulain, K. Demasure, &amp; J.-G. Nadeau (Eds.), L\u2019\u00c9glise d\u00e9chir\u00e9e : Comprendre et traverser la crise des agressions sexuelles sur mineurs (pp. 115-129). Montrouge: Bayard. 2021<\/p>\n<p><a href=\"https:\/\/centre-des-buttes-chaumont.org\/index.php\/bibliographie\/leglise-dechiree-1re-couv-bayard-2\/\" rel=\"attachment wp-att-896\"><img data-recalc-dims=\"1\" loading=\"lazy\" decoding=\"async\" width=\"197\" height=\"300\" data-attachment-id=\"896\" data-permalink=\"https:\/\/centre-des-buttes-chaumont.org\/index.php\/bibliographie\/leglise-dechiree-1re-couv-bayard-2\/\" data-orig-file=\"https:\/\/i0.wp.com\/centre-des-buttes-chaumont.org\/wp-content\/uploads\/2021\/08\/LE%CC%81glise-de%CC%81chire%CC%81e-1re-couv-Bayard.jpg?fit=1233%2C1877&amp;ssl=1\" data-orig-size=\"1233,1877\" data-comments-opened=\"1\" data-image-meta=\"{&quot;aperture&quot;:&quot;0&quot;,&quot;credit&quot;:&quot;&quot;,&quot;camera&quot;:&quot;&quot;,&quot;caption&quot;:&quot;&quot;,&quot;created_timestamp&quot;:&quot;0&quot;,&quot;copyright&quot;:&quot;&quot;,&quot;focal_length&quot;:&quot;0&quot;,&quot;iso&quot;:&quot;0&quot;,&quot;shutter_speed&quot;:&quot;0&quot;,&quot;title&quot;:&quot;&quot;,&quot;orientation&quot;:&quot;0&quot;}\" data-image-title=\"L&amp;rsquo;E\u0301glise de\u0301chire\u0301e (1re couv Bayard)\" data-image-description=\"\" data-image-caption=\"\" data-medium-file=\"https:\/\/i0.wp.com\/centre-des-buttes-chaumont.org\/wp-content\/uploads\/2021\/08\/LE%CC%81glise-de%CC%81chire%CC%81e-1re-couv-Bayard.jpg?fit=197%2C300&amp;ssl=1\" data-large-file=\"https:\/\/i0.wp.com\/centre-des-buttes-chaumont.org\/wp-content\/uploads\/2021\/08\/LE%CC%81glise-de%CC%81chire%CC%81e-1re-couv-Bayard.jpg?fit=600%2C913&amp;ssl=1\" class=\"alignleft size-medium wp-image-896\" src=\"https:\/\/i0.wp.com\/centre-des-buttes-chaumont.org\/wp-content\/uploads\/2021\/08\/LE%CC%81glise-de%CC%81chire%CC%81e-1re-couv-Bayard.jpg?resize=197%2C300&#038;ssl=1\" alt=\"\" srcset=\"https:\/\/i0.wp.com\/centre-des-buttes-chaumont.org\/wp-content\/uploads\/2021\/08\/LE%CC%81glise-de%CC%81chire%CC%81e-1re-couv-Bayard.jpg?resize=197%2C300&amp;ssl=1 197w, https:\/\/i0.wp.com\/centre-des-buttes-chaumont.org\/wp-content\/uploads\/2021\/08\/LE%CC%81glise-de%CC%81chire%CC%81e-1re-couv-Bayard.jpg?resize=673%2C1024&amp;ssl=1 673w, https:\/\/i0.wp.com\/centre-des-buttes-chaumont.org\/wp-content\/uploads\/2021\/08\/LE%CC%81glise-de%CC%81chire%CC%81e-1re-couv-Bayard.jpg?resize=768%2C1169&amp;ssl=1 768w, https:\/\/i0.wp.com\/centre-des-buttes-chaumont.org\/wp-content\/uploads\/2021\/08\/LE%CC%81glise-de%CC%81chire%CC%81e-1re-couv-Bayard.jpg?resize=1009%2C1536&amp;ssl=1 1009w, https:\/\/i0.wp.com\/centre-des-buttes-chaumont.org\/wp-content\/uploads\/2021\/08\/LE%CC%81glise-de%CC%81chire%CC%81e-1re-couv-Bayard.jpg?w=1233&amp;ssl=1 1233w\" sizes=\"auto, (max-width: 197px) 100vw, 197px\" \/><\/a><\/p>\n<br \/><br \/><br \/><br \/><br \/><br \/><br \/><br \/><br \/><br \/><br \/><br \/><br \/><br \/><br \/><br \/><br \/><br \/><br \/><br \/><br \/><br \/>\n<h3>\u00a0\u00a0<\/h3>\n<h3>Inceste : tempo th\u00e9rapeutique et tempo judiciaire<\/h3>\n<p>Martine Nisse<br \/>In : Les g\u00e9nogrammes d&rsquo;aujourd&rsquo;hui. La clinique syst\u00e9mique en mouvement, I. Daure &amp; M. Borcsa (Eds). Editions esf sciences humaines 2020<\/p>\n<p><a href=\"https:\/\/i0.wp.com\/centre-des-buttes-chaumont.org\/wp-content\/uploads\/2021\/03\/Les-ge%CC%81nogrammes-daujourdhui-1-scaled.jpg?ssl=1\"><img data-recalc-dims=\"1\" height=\"300\" width=\"199\" decoding=\"async\" src=\"https:\/\/i0.wp.com\/centre-des-buttes-chaumont.org\/wp-content\/uploads\/2021\/03\/Les-ge%CC%81nogrammes-daujourdhui-1.jpg?resize=199%2C300&#038;ssl=1\" alt=\"\" \/><\/a><\/p>\n<h3>\u00a0<\/h3>\n\n<h3>Genogrammarbeit bei Inzest: Therapeutisches Tempo und juristisches Tempo<\/h3>\n<p>Martine Nisse<br \/>In : Genogramme: Ein Handbuch f\u00fcr dis systemische Praxis und Forschung,  M. Borcsa &amp; I. Daure (Eds). Vandenhoeck &#038; Ruprecht Verlage 2024<\/p>\n<p><a href=\"https:\/\/i0.wp.com\/centre-des-buttes-chaumont.org\/wp-content\/uploads\/2025\/03\/Genogramme.jpg?ssl=1\"><img data-recalc-dims=\"1\" height=\"300\" width=\"199\" decoding=\"async\" src=\"https:\/\/i0.wp.com\/centre-des-buttes-chaumont.org\/wp-content\/uploads\/2025\/03\/Genogramme.jpg?resize=199%2C300&#038;ssl=1\" alt=\"\" \/><\/a><\/p>\n<h3>\u00a0<\/h3>\n\n\n\n<h3>Enfant Maltrait\u00e9, du Bon Usage de l&rsquo;Indiscr\u00e9tion. Savoir Identifier, R\u00e9pondre et Agir<\/h3>\n<p>Martine Nisse<br \/>ed. Ramsay 2004<\/p>\n<p><a href=\"https:\/\/i0.wp.com\/centre-des-buttes-chaumont.org\/wp-content\/uploads\/2021\/01\/Enfant-maltraite%CC%81-1_Couv-2.jpg?ssl=1\"><img data-recalc-dims=\"1\" height=\"300\" width=\"204\" decoding=\"async\" src=\"https:\/\/i0.wp.com\/centre-des-buttes-chaumont.org\/wp-content\/uploads\/2021\/01\/Enfant-maltraite%CC%81-1_Couv-2.jpg?resize=204%2C300&#038;ssl=1\" alt=\"\" \/><\/a><\/p>\n<h3>\u00a0<\/h3>\n<h3>La Violence Impensable. Inceste et\u00a0Maltraitance<\/h3>\n<p>Fr\u00e9d\u00e9rique Gruyer, Martine Nisse, Pierre Sabourin<br \/>Nathan 1991, 2004<\/p>\n<p><a href=\"https:\/\/i0.wp.com\/centre-des-buttes-chaumont.org\/wp-content\/uploads\/2021\/01\/Violence-impensable-1_Couv-2.jpg?ssl=1\"><img data-recalc-dims=\"1\" height=\"300\" width=\"199\" decoding=\"async\" src=\"https:\/\/i0.wp.com\/centre-des-buttes-chaumont.org\/wp-content\/uploads\/2021\/01\/Violence-impensable-1_Couv-2.jpg?resize=199%2C300&#038;ssl=1\" alt=\"\" \/><\/a><\/p>\n<h3>\u00a0<\/h3>\n<h3>L&rsquo;Enfance Victime, Comment Faire Face aux Violences<\/h3>\n<p>(\u00e9puis\u00e9)<br \/>Martine Nisse<br \/>ed. l&rsquo;Atelier de l&rsquo;Archer 1999.<\/p>\n<h3>\u00a0<\/h3>\n<h3>L&rsquo;Enfance Victime, le Guide du Parent<\/h3>\n<p>(\u00e9puis\u00e9)<br \/>Martine Nisse<br \/>ed. Patrick Banon 1996.<\/p>\n<h3>\u00a0<\/h3>\n<h3>Sandor Ferenczi, un Pionnier de la Clinique<\/h3>\n<p>Pierre Sabourin<br \/>CampagnePremi\u00e8re\/ 2011<\/p>\n<h3>\u00a0<\/h3>\n<h3>Ferenczi, Paladin et Grand Vizir Secret<\/h3>\n<p>Pierre Sabourin<br \/>ed. Universitaires 1985.<\/p>\n<h3>\u00a0<\/h3>\n\n\n","protected":false},"excerpt":{"rendered":"<p>\u00a0 Quand la Famille Marche sur la T\u00eateInceste, P\u00e9dophilie, Maltraitance Martine Nisse, Pierre Sabourined. du Seuil 2004 \u00a0 Soigner la victime et et sa famille quand la justice p\u00e9nale est en marche Martine NisseIn : S. Joulain, K. Demasure, &amp; J.-G. Nadeau (Eds.), L\u2019\u00c9glise d\u00e9chir\u00e9e : Comprendre et traverser la crise des agressions sexuelles sur [&hellip;]<\/p>\n","protected":false},"author":1,"featured_media":0,"parent":0,"menu_order":5,"comment_status":"closed","ping_status":"closed","template":"","meta":{"jetpack_post_was_ever_published":false,"footnotes":""},"class_list":["post-41","page","type-page","status-publish","hentry"],"jetpack_sharing_enabled":true,"jetpack_shortlink":"https:\/\/wp.me\/P7cYqF-F","jetpack-related-posts":[],"_links":{"self":[{"href":"https:\/\/centre-des-buttes-chaumont.org\/index.php\/wp-json\/wp\/v2\/pages\/41","targetHints":{"allow":["GET"]}}],"collection":[{"href":"https:\/\/centre-des-buttes-chaumont.org\/index.php\/wp-json\/wp\/v2\/pages"}],"about":[{"href":"https:\/\/centre-des-buttes-chaumont.org\/index.php\/wp-json\/wp\/v2\/types\/page"}],"author":[{"embeddable":true,"href":"https:\/\/centre-des-buttes-chaumont.org\/index.php\/wp-json\/wp\/v2\/users\/1"}],"replies":[{"embeddable":true,"href":"https:\/\/centre-des-buttes-chaumont.org\/index.php\/wp-json\/wp\/v2\/comments?post=41"}],"version-history":[{"count":84,"href":"https:\/\/centre-des-buttes-chaumont.org\/index.php\/wp-json\/wp\/v2\/pages\/41\/revisions"}],"predecessor-version":[{"id":2028,"href":"https:\/\/centre-des-buttes-chaumont.org\/index.php\/wp-json\/wp\/v2\/pages\/41\/revisions\/2028"}],"wp:attachment":[{"href":"https:\/\/centre-des-buttes-chaumont.org\/index.php\/wp-json\/wp\/v2\/media?parent=41"}],"curies":[{"name":"wp","href":"https:\/\/api.w.org\/{rel}","templated":true}]}}