{"id":38,"date":"2016-02-05T21:05:50","date_gmt":"2016-02-05T20:05:50","guid":{"rendered":"http:\/\/centre-des-buttes-chaumont.org\/wp_cdbc\/?page_id=38"},"modified":"2022-03-01T11:59:55","modified_gmt":"2022-03-01T10:59:55","slug":"supervision-dequipes","status":"publish","type":"page","link":"https:\/\/centre-des-buttes-chaumont.org\/index.php\/interventions\/supervision-dequipes\/","title":{"rendered":"Supervision d&rsquo;\u00e9quipes"},"content":{"rendered":"<p>La charge psychologique que repr\u00e9sente pour chaque intervenant l&rsquo;augmentation significative des prises en charge de situations familiales tr\u00e8s perturb\u00e9es, la complexit\u00e9 des situations de pr\u00e9somptions de maltraitances, le poids des situations av\u00e9r\u00e9es, la nature sp\u00e9cifique des prises en charge familiales durant les proc\u00e9dures judiciaires, ainsi que celles des suivis post-incarc\u00e9ration, ont transform\u00e9 radicalement et parfois cruellement l&rsquo;univers de la protection de l&rsquo;enfance.<\/p>\n<p>La supervision que nous dispensons permet \u00e0 chaque \u00e9quipe d&rsquo;all\u00e9ger la lourdeur de cet ensemble pour am\u00e9liorer l&rsquo;efficacit\u00e9 de ses interventions.<\/p>\n<p>Le superviseur alterne th\u00e9orie et \u00e9tudes de cas afin d&rsquo;\u00e9clairer le travail institutionnel d&rsquo;un autre regard. L&rsquo;objectif \u00e9tant d&rsquo;aider le professionnel ou le b\u00e9n\u00e9vole d&rsquo;association \u00e0 mieux se rep\u00e9rer face \u00e0 la confusion g\u00e9n\u00e9r\u00e9e par les syst\u00e8mes maltraitants et ainsi \u00e0 mieux orienter ses interventions pour am\u00e9liorer ses r\u00e9sultats.<\/p>\n<p>M\u00eame les plus petites \u00e9quipes de professionnels ou de b\u00e9n\u00e9voles peuvent b\u00e9n\u00e9ficier de notre supervision. Ponctuelle ou r\u00e9guli\u00e8re, toutes les configurations sont possibles. Chaque demande est \u00e9tudi\u00e9e soigneusement.<\/p>\n<p>Envoyez-nous un courriel ou t\u00e9l\u00e9phonez-nous.<\/p>\n","protected":false},"excerpt":{"rendered":"<p>La charge psychologique que repr\u00e9sente pour chaque intervenant l&rsquo;augmentation significative des prises en charge de situations familiales tr\u00e8s perturb\u00e9es, la complexit\u00e9 des situations de pr\u00e9somptions de maltraitances, le poids des situations av\u00e9r\u00e9es, la nature sp\u00e9cifique des prises en charge familiales durant les proc\u00e9dures judiciaires, ainsi que celles des suivis post-incarc\u00e9ration, ont transform\u00e9 radicalement et parfois [&hellip;]<\/p>\n","protected":false},"author":1,"featured_media":0,"parent":32,"menu_order":4,"comment_status":"closed","ping_status":"closed","template":"","meta":{"jetpack_post_was_ever_published":false,"footnotes":""},"class_list":["post-38","page","type-page","status-publish","hentry"],"jetpack_sharing_enabled":true,"jetpack_shortlink":"https:\/\/wp.me\/P7cYqF-C","jetpack-related-posts":[],"_links":{"self":[{"href":"https:\/\/centre-des-buttes-chaumont.org\/index.php\/wp-json\/wp\/v2\/pages\/38","targetHints":{"allow":["GET"]}}],"collection":[{"href":"https:\/\/centre-des-buttes-chaumont.org\/index.php\/wp-json\/wp\/v2\/pages"}],"about":[{"href":"https:\/\/centre-des-buttes-chaumont.org\/index.php\/wp-json\/wp\/v2\/types\/page"}],"author":[{"embeddable":true,"href":"https:\/\/centre-des-buttes-chaumont.org\/index.php\/wp-json\/wp\/v2\/users\/1"}],"replies":[{"embeddable":true,"href":"https:\/\/centre-des-buttes-chaumont.org\/index.php\/wp-json\/wp\/v2\/comments?post=38"}],"version-history":[{"count":1,"href":"https:\/\/centre-des-buttes-chaumont.org\/index.php\/wp-json\/wp\/v2\/pages\/38\/revisions"}],"predecessor-version":[{"id":39,"href":"https:\/\/centre-des-buttes-chaumont.org\/index.php\/wp-json\/wp\/v2\/pages\/38\/revisions\/39"}],"up":[{"embeddable":true,"href":"https:\/\/centre-des-buttes-chaumont.org\/index.php\/wp-json\/wp\/v2\/pages\/32"}],"wp:attachment":[{"href":"https:\/\/centre-des-buttes-chaumont.org\/index.php\/wp-json\/wp\/v2\/media?parent=38"}],"curies":[{"name":"wp","href":"https:\/\/api.w.org\/{rel}","templated":true}]}}