{"id":36,"date":"2016-02-05T21:05:13","date_gmt":"2016-02-05T20:05:13","guid":{"rendered":"http:\/\/centre-des-buttes-chaumont.org\/wp_cdbc\/?page_id=36"},"modified":"2022-03-02T21:20:55","modified_gmt":"2022-03-02T20:20:55","slug":"congres","status":"publish","type":"page","link":"https:\/\/centre-des-buttes-chaumont.org\/index.php\/interventions\/congres\/","title":{"rendered":"Congr\u00e8s"},"content":{"rendered":"Le Centre des Buttes-Chaumont a \u00e9t\u00e9 invit\u00e9 \u00e0 intervenir \u00e0 de nombreux congr\u00e8s : ISPCAN, EFTA, IFTA, dont ceux de Montr\u00e9al (Canada), Kuala Lumpur (Indon\u00e9sie), Berlin (Allemagne), Li\u00e8ge (Belgique), Philadelphie &#8211; Washington (USA), Luxembourg, Bogota (Colombie), Bucarest (Roumanie), Budapest (Hongrie), Bilbao &#8211; Madrid (Espagne), Tel Aviv (Isra\u00ebl), Turin (Italie), St-Gilles (Ile de la R\u00e9union), Fort de France (Antilles), Papeete (Tahiti)&#8230;\n<h3>&nbsp;Prochaine intervention<\/h3>\nE-conf\u00e9rence VIOLENCES SEXUELLES FAITES AUX ENFANTS\n<!-- \/wp:post-content -->\nJeudi 15 avril 2021, de 10:00 \u00e0 16:00\n\n<!-- \/wp:paragraph -->\n<!-- \/wp:paragraph -->\n\n<!-- wp:image -->\n<figure class=\"wp-block-image\"><img alt=\"\"><\/figure>\n<!-- \/wp:image -->\n\n<!-- wp:image {\"id\":828,\"sizeSlug\":\"large\",\"linkDestination\":\"none\"} -->\n<figure class=\"wp-block-image size-large\"><img data-recalc-dims=\"1\" height=\"300\" width=\"199\" decoding=\"async\" data-attachment-id=\"828\" data-permalink=\"https:\/\/centre-des-buttes-chaumont.org\/progr-bull-inscrip-violences-sexuelles-dv-2-2\/\" data-orig-file=\"https:\/\/i0.wp.com\/centre-des-buttes-chaumont.org\/wp-content\/uploads\/2021\/03\/Progr-Bull-inscrip-Violences-sexuelles-DV-2-scaled.jpg?fit=1811%2C2560&amp;ssl=1\" data-orig-size=\"1811,2560\" data-comments-opened=\"1\" data-image-meta=\"{&quot;aperture&quot;:&quot;0&quot;,&quot;credit&quot;:&quot;&quot;,&quot;camera&quot;:&quot;&quot;,&quot;caption&quot;:&quot;&quot;,&quot;created_timestamp&quot;:&quot;0&quot;,&quot;copyright&quot;:&quot;&quot;,&quot;focal_length&quot;:&quot;0&quot;,&quot;iso&quot;:&quot;0&quot;,&quot;shutter_speed&quot;:&quot;0&quot;,&quot;title&quot;:&quot;&quot;,&quot;orientation&quot;:&quot;0&quot;}\" data-image-title=\"Progr + Bull inscrip &amp;#8211; Violences sexuelles- DV 2\" data-image-description=\"\" data-image-caption=\"\" data-medium-file=\"https:\/\/i0.wp.com\/centre-des-buttes-chaumont.org\/wp-content\/uploads\/2021\/03\/Progr-Bull-inscrip-Violences-sexuelles-DV-2-scaled.jpg?fit=212%2C300&amp;ssl=1\" data-large-file=\"https:\/\/i0.wp.com\/centre-des-buttes-chaumont.org\/wp-content\/uploads\/2021\/03\/Progr-Bull-inscrip-Violences-sexuelles-DV-2-scaled.jpg?fit=600%2C849&amp;ssl=1\" class=\"wp-image-828\" src=\"https:\/\/i0.wp.com\/centre-des-buttes-chaumont.org\/wp-content\/uploads\/2021\/03\/Progr-Bull-inscrip-Violences-sexuelles-DV-2.jpg?resize=199%2C300&#038;ssl=1\" alt=\"\"><\/figure>\n<!-- \/wp:image -->","protected":false},"excerpt":{"rendered":"<p>Le Centre des Buttes-Chaumont a \u00e9t\u00e9 invit\u00e9 \u00e0 intervenir \u00e0 de nombreux congr\u00e8s : ISPCAN, EFTA, IFTA, dont ceux de Montr\u00e9al (Canada), Kuala Lumpur (Indon\u00e9sie), Berlin (Allemagne), Li\u00e8ge (Belgique), Philadelphie &#8211; Washington (USA), Luxembourg, Bogota (Colombie), Bucarest (Roumanie), Budapest (Hongrie), Bilbao &#8211; Madrid (Espagne), Tel Aviv (Isra\u00ebl), Turin (Italie), St-Gilles (Ile de la R\u00e9union), Fort [&hellip;]<\/p>\n","protected":false},"author":1,"featured_media":0,"parent":32,"menu_order":2,"comment_status":"closed","ping_status":"closed","template":"","meta":{"jetpack_post_was_ever_published":false,"footnotes":""},"class_list":["post-36","page","type-page","status-publish","hentry"],"jetpack_sharing_enabled":true,"jetpack_shortlink":"https:\/\/wp.me\/P7cYqF-A","jetpack-related-posts":[],"_links":{"self":[{"href":"https:\/\/centre-des-buttes-chaumont.org\/index.php\/wp-json\/wp\/v2\/pages\/36","targetHints":{"allow":["GET"]}}],"collection":[{"href":"https:\/\/centre-des-buttes-chaumont.org\/index.php\/wp-json\/wp\/v2\/pages"}],"about":[{"href":"https:\/\/centre-des-buttes-chaumont.org\/index.php\/wp-json\/wp\/v2\/types\/page"}],"author":[{"embeddable":true,"href":"https:\/\/centre-des-buttes-chaumont.org\/index.php\/wp-json\/wp\/v2\/users\/1"}],"replies":[{"embeddable":true,"href":"https:\/\/centre-des-buttes-chaumont.org\/index.php\/wp-json\/wp\/v2\/comments?post=36"}],"version-history":[{"count":21,"href":"https:\/\/centre-des-buttes-chaumont.org\/index.php\/wp-json\/wp\/v2\/pages\/36\/revisions"}],"predecessor-version":[{"id":1257,"href":"https:\/\/centre-des-buttes-chaumont.org\/index.php\/wp-json\/wp\/v2\/pages\/36\/revisions\/1257"}],"up":[{"embeddable":true,"href":"https:\/\/centre-des-buttes-chaumont.org\/index.php\/wp-json\/wp\/v2\/pages\/32"}],"wp:attachment":[{"href":"https:\/\/centre-des-buttes-chaumont.org\/index.php\/wp-json\/wp\/v2\/media?parent=36"}],"curies":[{"name":"wp","href":"https:\/\/api.w.org\/{rel}","templated":true}]}}