{"id":34,"date":"2016-02-05T21:04:45","date_gmt":"2016-02-05T20:04:45","guid":{"rendered":"http:\/\/centre-des-buttes-chaumont.org\/wp_cdbc\/?page_id=34"},"modified":"2022-03-01T11:59:35","modified_gmt":"2022-03-01T10:59:35","slug":"organisation-de-seminaire-a-la-carte","status":"publish","type":"page","link":"https:\/\/centre-des-buttes-chaumont.org\/index.php\/interventions\/organisation-de-seminaire-a-la-carte\/","title":{"rendered":"Organisation de s\u00e9minaires \u00e0 la carte"},"content":{"rendered":"<p>Possibilit\u00e9 d&rsquo;intervention sur site, de un \u00e0 plusieurs jours. Chaque projet de s\u00e9minaire est \u00e9labor\u00e9 en tenant compte des sp\u00e9cificit\u00e9s et des besoins inh\u00e9rents \u00e0 la structure et fait l&rsquo;objet d&rsquo;un devis, puis si le projet est accept\u00e9, une convention bi-lat\u00e9rale de formation sera r\u00e9dig\u00e9e.<\/p>\n<p>Reprenant les bases de la formation dispens\u00e9e annuellement au Centre des Buttes-Chaumont, ces s\u00e9minaires int\u00e8grent l&rsquo;ensemble des notions indispensables pour faire \u00e9voluer les prises en charge institutionnelles et ouvrir chaque intervenant aux exigences des autres logiques professionnelles et notamment judiciaires.<\/p>\n<p>Chaque journ\u00e9e de s\u00e9minaire est illustr\u00e9e par de nombreux documents vid\u00e9os.<\/p>\n<p>Chaque matin\u00e9e est consacr\u00e9e aux aspects th\u00e9orico-cliniques, chaque apr\u00e8s-midi aux supervisions de cas apport\u00e9es par les participants.<\/p>\n<p>Il n&rsquo;est pas n\u00e9cessaire que tous les participants aient d\u00e9j\u00e0 acquis un m\u00eame niveau de connaissance pour que le groupe de participants puisse tirer b\u00e9n\u00e9fice de cet enseignement.<\/p>\n<p>Envoyez-nous un courriel ou t\u00e9l\u00e9phonez-nous.<\/p>\n","protected":false},"excerpt":{"rendered":"<p>Possibilit\u00e9 d&rsquo;intervention sur site, de un \u00e0 plusieurs jours. Chaque projet de s\u00e9minaire est \u00e9labor\u00e9 en tenant compte des sp\u00e9cificit\u00e9s et des besoins inh\u00e9rents \u00e0 la structure et fait l&rsquo;objet d&rsquo;un devis, puis si le projet est accept\u00e9, une convention bi-lat\u00e9rale de formation sera r\u00e9dig\u00e9e. Reprenant les bases de la formation dispens\u00e9e annuellement au Centre [&hellip;]<\/p>\n","protected":false},"author":1,"featured_media":0,"parent":32,"menu_order":3,"comment_status":"closed","ping_status":"closed","template":"","meta":{"jetpack_post_was_ever_published":false,"footnotes":""},"class_list":["post-34","page","type-page","status-publish","hentry"],"jetpack_sharing_enabled":true,"jetpack_shortlink":"https:\/\/wp.me\/P7cYqF-y","jetpack-related-posts":[],"_links":{"self":[{"href":"https:\/\/centre-des-buttes-chaumont.org\/index.php\/wp-json\/wp\/v2\/pages\/34","targetHints":{"allow":["GET"]}}],"collection":[{"href":"https:\/\/centre-des-buttes-chaumont.org\/index.php\/wp-json\/wp\/v2\/pages"}],"about":[{"href":"https:\/\/centre-des-buttes-chaumont.org\/index.php\/wp-json\/wp\/v2\/types\/page"}],"author":[{"embeddable":true,"href":"https:\/\/centre-des-buttes-chaumont.org\/index.php\/wp-json\/wp\/v2\/users\/1"}],"replies":[{"embeddable":true,"href":"https:\/\/centre-des-buttes-chaumont.org\/index.php\/wp-json\/wp\/v2\/comments?post=34"}],"version-history":[{"count":2,"href":"https:\/\/centre-des-buttes-chaumont.org\/index.php\/wp-json\/wp\/v2\/pages\/34\/revisions"}],"predecessor-version":[{"id":1227,"href":"https:\/\/centre-des-buttes-chaumont.org\/index.php\/wp-json\/wp\/v2\/pages\/34\/revisions\/1227"}],"up":[{"embeddable":true,"href":"https:\/\/centre-des-buttes-chaumont.org\/index.php\/wp-json\/wp\/v2\/pages\/32"}],"wp:attachment":[{"href":"https:\/\/centre-des-buttes-chaumont.org\/index.php\/wp-json\/wp\/v2\/media?parent=34"}],"curies":[{"name":"wp","href":"https:\/\/api.w.org\/{rel}","templated":true}]}}