{"id":32,"date":"2016-02-05T21:03:33","date_gmt":"2016-02-05T20:03:33","guid":{"rendered":"http:\/\/centre-des-buttes-chaumont.org\/wp_cdbc\/?page_id=32"},"modified":"2017-09-23T13:58:19","modified_gmt":"2017-09-23T12:58:19","slug":"interventions","status":"publish","type":"page","link":"https:\/\/centre-des-buttes-chaumont.org\/index.php\/interventions\/","title":{"rendered":"Interventions"},"content":{"rendered":"<ul>\n<li>Formations en institutions : journ\u00e9es de sensibilisation, s\u00e9minaires de sp\u00e9cialisation, <a href=\"http:\/\/www.centre-des-buttes-chaumont.org\/?\/Formations\/\">cycles de formation continue.<\/a><\/li>\n<li>Colloques nationaux et internationaux \u00e0 l&rsquo;intention de tous les professionnels charg\u00e9s de la protection de l&rsquo;enfance.<\/li>\n<\/ul>\n<p>Ces prestations sont destin\u00e9es \u00e0 favoriser le d\u00e9veloppement des ressources des r\u00e9seaux de protection de l&rsquo;enfance. Depuis 1987, plus de 50 conseils g\u00e9n\u00e9raux, de nombreuses associations, \u00e9coles de formation de travailleurs sociaux, ou de l&rsquo;Education Nationale, des universit\u00e9s, l&rsquo;Ecole Nationale de l&rsquo;Administration P\u00e9nitentiaire (ENAP), l&rsquo;Ecole Nationale de la Magistrature (ENM), etc. ont b\u00e9n\u00e9fici\u00e9 de ces interventions.<\/p>\n<p>Le Centre des Buttes-Chaumont re\u00e7oit des stagiaires adress\u00e9s par le Conseil de l&rsquo;Europe et par l&rsquo;Ecole Nationale de la Magistrature, r\u00e9alise des consultations d&rsquo;expertise familiale sur ordonnance judiciaire, et a particip\u00e9 \u00e0 des commissions minist\u00e9rielles, telle la commission dite d&rsquo;Outreau, et celle des Droits de l&rsquo;Homme.<\/p>\n","protected":false},"excerpt":{"rendered":"<p>Formations en institutions : journ\u00e9es de sensibilisation, s\u00e9minaires de sp\u00e9cialisation, cycles de formation continue. Colloques nationaux et internationaux \u00e0 l&rsquo;intention de tous les professionnels charg\u00e9s de la protection de l&rsquo;enfance. Ces prestations sont destin\u00e9es \u00e0 favoriser le d\u00e9veloppement des ressources des r\u00e9seaux de protection de l&rsquo;enfance. Depuis 1987, plus de 50 conseils g\u00e9n\u00e9raux, de nombreuses [&hellip;]<\/p>\n","protected":false},"author":1,"featured_media":0,"parent":0,"menu_order":2,"comment_status":"closed","ping_status":"closed","template":"","meta":{"jetpack_post_was_ever_published":false,"footnotes":""},"class_list":["post-32","page","type-page","status-publish","hentry"],"jetpack_sharing_enabled":true,"jetpack_shortlink":"https:\/\/wp.me\/P7cYqF-w","jetpack-related-posts":[],"_links":{"self":[{"href":"https:\/\/centre-des-buttes-chaumont.org\/index.php\/wp-json\/wp\/v2\/pages\/32","targetHints":{"allow":["GET"]}}],"collection":[{"href":"https:\/\/centre-des-buttes-chaumont.org\/index.php\/wp-json\/wp\/v2\/pages"}],"about":[{"href":"https:\/\/centre-des-buttes-chaumont.org\/index.php\/wp-json\/wp\/v2\/types\/page"}],"author":[{"embeddable":true,"href":"https:\/\/centre-des-buttes-chaumont.org\/index.php\/wp-json\/wp\/v2\/users\/1"}],"replies":[{"embeddable":true,"href":"https:\/\/centre-des-buttes-chaumont.org\/index.php\/wp-json\/wp\/v2\/comments?post=32"}],"version-history":[{"count":1,"href":"https:\/\/centre-des-buttes-chaumont.org\/index.php\/wp-json\/wp\/v2\/pages\/32\/revisions"}],"predecessor-version":[{"id":33,"href":"https:\/\/centre-des-buttes-chaumont.org\/index.php\/wp-json\/wp\/v2\/pages\/32\/revisions\/33"}],"wp:attachment":[{"href":"https:\/\/centre-des-buttes-chaumont.org\/index.php\/wp-json\/wp\/v2\/media?parent=32"}],"curies":[{"name":"wp","href":"https:\/\/api.w.org\/{rel}","templated":true}]}}