{"id":244,"date":"2018-03-27T11:37:51","date_gmt":"2018-03-27T10:37:51","guid":{"rendered":"http:\/\/centre-des-buttes-chaumont.org\/?page_id=244"},"modified":"2025-03-23T17:00:46","modified_gmt":"2025-03-23T16:00:46","slug":"lequipe","status":"publish","type":"page","link":"https:\/\/centre-des-buttes-chaumont.org\/index.php\/lequipe\/","title":{"rendered":"L&rsquo;\u00e9quipe"},"content":{"rendered":"\n<h3 class=\"wp-block-heading\">Martine Nisse<\/h3>\n\n\n\n<p>Directrice du Centre des Buttes-Chaumont<br>Th\u00e9rapeute familiale<br>Educatrice sp\u00e9cialis\u00e9e<br>Membre de la SFTF (Soci\u00e9t\u00e9 Fran\u00e7aise de Th\u00e9rapie Familiale)<br>Pr\u00e9sidente d\u2019EFTA-CIM (European Family Therapy Association &#8211; Chamber of Individual Members)<br>Membre de la SFPEADA (Soci\u00e9t\u00e9 Fran\u00e7aise de P\u00e9dopsychatrie de l\u2019Enfant et de l\u2019Adolescent et Disciplines Associ\u00e9es)<\/p>\n\n\n\n<h3 class=\"wp-block-heading\">Pierre Sabourin<\/h3>\n\n\n\n<p>Psychiatre<br>Psychanalyste<br>Th\u00e9rapeute familial<\/p>\n\n\n\n<h3 class=\"wp-block-heading\">Robert Mesl\u00e9<\/h3>\n\n\n\n<p>Th\u00e9rapeute familial<br>Ost\u00e9opathe<br>\u00c9pid\u00e9miologiste<br>Chercheur invit\u00e9, Facult\u00e9 des Sciences de la Motricit\u00e9, Universit\u00e9 Libre de Bruxelles (ULB)<\/p>\n\n\n\n<h3 class=\"wp-block-heading\">M\u00e9lanie R\u00e9jon<\/h3>\n\n\n\n<p>Th\u00e9rapeute familiale<br>Psychologue<\/p>\n\n\n\n<h3 class=\"wp-block-heading\"><\/h3>\n\n\n\n<p><\/p>\n\n\n\n<h3 class=\"wp-block-heading\">Patrice-J\u00e9r\u00f4me Le Neveu<\/h3>\n\n\n\n<p>Th\u00e9rapeute familial<br>Educateur sp\u00e9cialis\u00e9<\/p>\n\n\n\n<h3 class=\"wp-block-heading\">Brigitte Lamy<\/h3>\n\n\n\n<p>Th\u00e9rapeute familiale<br>Sexologue<br>M\u00e9decin g\u00e9n\u00e9raliste<\/p>\n\n\n\n<h3 class=\"wp-block-heading\">Myriam Pierson<\/h3>\n\n\n\n<p>P\u00e9dopsychiatre<br>Th\u00e9rapeute familiale<br><\/p>\n\n\n\n<p><\/p>\n\n\n\n<h3 class=\"wp-block-heading\">\u00c9l\u00e9onore Auclair<\/h3>\n\n\n\n<p>Psychologue<br>Psychoth\u00e9rapeute<\/p>\n\n\n\n<h3 class=\"wp-block-heading\"><\/h3>\n\n\n\n<p><\/p>\n\n\n\n<h3 class=\"wp-block-heading\">L\u00e9a Martins<\/h3>\n\n\n\n<p>Psychologue<br>Psychoth\u00e9rapeute<\/p>\n\n\n\n<h3 class=\"wp-block-heading\"><\/h3>\n\n\n\n<p><\/p>\n","protected":false},"excerpt":{"rendered":"<p>Martine Nisse Directrice du Centre des Buttes-ChaumontTh\u00e9rapeute familialeEducatrice sp\u00e9cialis\u00e9eMembre de la SFTF (Soci\u00e9t\u00e9 Fran\u00e7aise de Th\u00e9rapie Familiale)Pr\u00e9sidente d\u2019EFTA-CIM (European Family Therapy Association &#8211; Chamber of Individual Members)Membre de la SFPEADA (Soci\u00e9t\u00e9 Fran\u00e7aise de P\u00e9dopsychatrie de l\u2019Enfant et de l\u2019Adolescent et Disciplines Associ\u00e9es) Pierre Sabourin PsychiatrePsychanalysteTh\u00e9rapeute familial Robert Mesl\u00e9 Th\u00e9rapeute familialOst\u00e9opathe\u00c9pid\u00e9miologisteChercheur invit\u00e9, Facult\u00e9 des Sciences de [&hellip;]<\/p>\n","protected":false},"author":2,"featured_media":0,"parent":0,"menu_order":0,"comment_status":"closed","ping_status":"closed","template":"","meta":{"jetpack_post_was_ever_published":false,"footnotes":""},"class_list":["post-244","page","type-page","status-publish","hentry"],"jetpack_sharing_enabled":true,"jetpack_shortlink":"https:\/\/wp.me\/P7cYqF-3W","jetpack-related-posts":[],"_links":{"self":[{"href":"https:\/\/centre-des-buttes-chaumont.org\/index.php\/wp-json\/wp\/v2\/pages\/244","targetHints":{"allow":["GET"]}}],"collection":[{"href":"https:\/\/centre-des-buttes-chaumont.org\/index.php\/wp-json\/wp\/v2\/pages"}],"about":[{"href":"https:\/\/centre-des-buttes-chaumont.org\/index.php\/wp-json\/wp\/v2\/types\/page"}],"author":[{"embeddable":true,"href":"https:\/\/centre-des-buttes-chaumont.org\/index.php\/wp-json\/wp\/v2\/users\/2"}],"replies":[{"embeddable":true,"href":"https:\/\/centre-des-buttes-chaumont.org\/index.php\/wp-json\/wp\/v2\/comments?post=244"}],"version-history":[{"count":24,"href":"https:\/\/centre-des-buttes-chaumont.org\/index.php\/wp-json\/wp\/v2\/pages\/244\/revisions"}],"predecessor-version":[{"id":2045,"href":"https:\/\/centre-des-buttes-chaumont.org\/index.php\/wp-json\/wp\/v2\/pages\/244\/revisions\/2045"}],"wp:attachment":[{"href":"https:\/\/centre-des-buttes-chaumont.org\/index.php\/wp-json\/wp\/v2\/media?parent=244"}],"curies":[{"name":"wp","href":"https:\/\/api.w.org\/{rel}","templated":true}]}}