{"id":17,"date":"2016-02-05T20:22:04","date_gmt":"2016-02-05T19:22:04","guid":{"rendered":"http:\/\/centre-des-buttes-chaumont.org\/wp_cdbc\/?page_id=17"},"modified":"2026-01-15T20:12:32","modified_gmt":"2026-01-15T19:12:32","slug":"maltraitances-intervention-systemanalytique-de-reseau","status":"publish","type":"page","link":"https:\/\/centre-des-buttes-chaumont.org\/index.php\/formations\/maltraitances-intervention-systemanalytique-de-reseau\/","title":{"rendered":"Th\u00e9rapie familiale et approche syst\u00e9mique adapt\u00e9e aux situations d&rsquo;inceste et autres maltraitances : Intervention syst\u00e9manalytique de r\u00e9seau (140h\/420h\/570h)"},"content":{"rendered":"\n<p><a href=\"https:\/\/centre-des-buttes-chaumont.org\/wp-content\/uploads\/2026\/01\/1.1.1-Descriptif-Buttes-Chaumont-Inceste-Maltraitances-140H-V6.pdf\" class=\"mtli_attachment mtli_pdf\"><br>T\u00e9l\u00e9charger le programme de la formation<br><\/a><\/p>\n\n\n\n<h2 class=\"wp-block-heading\">Cycle court 1 an (140 h)<\/h2>\n\n\n\n<p>Formation de 140 heures en th\u00e9rapie familiale et en approche syst\u00e9mique (syst\u00e9manalytique) sous forme de sessions de deux jours par mois pendant 10 mois (pas de sessions en juillet et ao\u00fbt).<\/p>\n\n\n\n<p>Il est possible d\u2019int\u00e9grer la formation de 140 heures pour une ann\u00e9e, sans s\u2019engager sur les ann\u00e9es suivantes.<\/p>\n\n\n\n<h2 class=\"wp-block-heading\">Cycle long 1 an + 2 ans (420 h)<\/h2>\n\n\n\n<p>Le cycle court peut \u00eatre suivi pendant deux ann\u00e9es suppl\u00e9mentaires (420 heures), sans obligation de poursuivre par la quatri\u00e8me ann\u00e9e.<\/p>\n\n\n\n<h2 class=\"wp-block-heading\">Cycle complet 3 ans + 1 an : Formation \u00e0 la th\u00e9rapie familiale (570 h)<\/h2>\n\n\n\n<p>Ce cycle complet de formation est de 570 heures (Normes de l\u2019European Family Therapy Association). Il comprend les trois ann\u00e9es du cycle long (420 heures) suivies d\u2019une quatri\u00e8me ann\u00e9e de 150 heures de formation approfondie et de production d\u2019un m\u00e9moire de recherche.<\/p>\n\n\n\n<h2 class=\"wp-block-heading\">Public<\/h2>\n\n\n\n<p>Intervenants sociaux, psychologues, psychiatres, psychoth\u00e9rapeutes, \u00e9ducateurs sp\u00e9cialis\u00e9s, m\u00e9decins, avocats, enseignants, infirmiers, magistrats, policiers et tous professionnels de la protection de l&rsquo;enfance.<\/p>\n\n\n\n<h2 class=\"wp-block-heading\">Objectifs<\/h2>\n\n\n\n<p>Ce cycle est destin\u00e9 aux professionnels souhaitant acqu\u00e9rir une formation sp\u00e9cialis\u00e9e dans la prise en charge des victimes et des auteurs de maltraitances sexuelles, physiques, et psychologiques. Enrichir la connaissance des aspects psycho-pathologiques et paradoxaux des syst\u00e8mes relationnels maltraitants, afin de mieux rep\u00e9rer les transgressions majeures. Am\u00e9liorer les r\u00e9flexes professionnels pour favoriser la coh\u00e9rence des interventions pluridisciplinaires (th\u00e9rapeutique, judiciaire, sociale, \u00e9ducative), afin de tisser autour de l&rsquo;enfant victime un filet de protection pluri-institutionnel tout en aidant la famille \u00e0 \u00e9voluer.<\/p>\n\n\n\n<h2 class=\"wp-block-heading\">Contenu<\/h2>\n\n\n\n<p>Une pratique clinique de plus de trente ans aupr\u00e8s des syst\u00e8mes maltraitants, constamment enrichie au fil des ann\u00e9es par un esprit de recherche, nous a permis d&rsquo;\u00e9laborer un enseignement original et innovant. Cette formation explore les effets d\u00e9l\u00e9t\u00e8res de l&#8217;emprise, permet de rep\u00e9rer les loyaut\u00e9s inconscientes sur plusieurs g\u00e9n\u00e9rations, les troubles dissociatifs de l&rsquo;identit\u00e9, les anesth\u00e9sies \u00e9motionnelles dues aux violences, apprend \u00e0 \u00e9viter les conflits institutionnels en miroir, la confusion et la peur g\u00e9n\u00e9r\u00e9s par les confrontations avec les familles maltraitantes.<\/p>\n\n\n\n<p>En r\u00e9f\u00e9rence constante aux textes de lois r\u00e9gissant la protection de l&rsquo;enfance et la sanction des agresseurs, le contenu de la formation s&rsquo;attache \u00e0 donner aux professionnels des outils leur permettant \u00e0 la fois de prendre du recul et de d\u00e9velopper des strat\u00e9gies d&rsquo;intervention plus inventives pour d\u00e9tecter les situations av\u00e9r\u00e9es, tout en apprenant \u00e0 se d\u00e9fier des apparences trompeuses. Cette formation aide \u00e0 g\u00e9rer utilement les visites m\u00e9diatis\u00e9es, en concevant autrement la complexit\u00e9 du syst\u00e8me maltraitant, il apprend \u00e0 travailler avec l&rsquo;hom\u00e9ostasie familiale, \u00e0 appr\u00e9cier les effets post-traumatiques des violences, \u00e0 mieux appr\u00e9hender la psychopathologie des agresseurs sexuels, mineurs, adultes, hommes ou femmes, afin de permettre une prise en charge pr\u00e9coce de ces familles en grande difficult\u00e9, alternative \u00e0 la perp\u00e9tuation des maltraitances.<\/p>\n\n\n\n<h2 class=\"wp-block-heading\">P\u00e9dagogie<\/h2>\n\n\n\n<ul class=\"wp-block-list\">\n<li>Expos\u00e9s th\u00e9oriques<\/li>\n\n\n\n<li>\u00c9changes avec des intervenants ext\u00e9rieurs invit\u00e9s \u00e0 partager leur exp\u00e9rience professionnelle<\/li>\n\n\n\n<li>Supervision de cas apport\u00e9s par les stagiaires, jeux de r\u00f4les<\/li>\n\n\n\n<li>Documents vid\u00e9os<\/li>\n\n\n\n<li>\u00c9tudes de cas apport\u00e9s par l&rsquo;actualit\u00e9 judiciaire<\/li>\n<\/ul>\n\n\n\n<p>Dix sessions de deux jours par mois, de janvier \u00e0 d\u00e9cembre &#8211; Co\u00fbt : 3000 euros par ann\u00e9e de formation.<\/p>\n\n\n\n<p>Date limite d&rsquo;inscription pour 2025 : 31 mars 2025.<\/p>\n\n\n\n<h2 class=\"wp-block-heading\">Dates 2025<\/h2>\n\n\n\n<p><em>Les dates des sessions de formation sont susceptibles d&rsquo;\u00eatre modifi\u00e9es en cours d&rsquo;ann\u00e9e, en cas de force majeure.<\/em><\/p>\n\n\n\n<p><\/p>\n\n\n\n<p>Les dates des sessions de formation sont accessibles en cliquant sur la fl\u00e8che du tableau \u00e0 droite. Cliquez ensuite sur les fl\u00e8ches de part et d&rsquo;autre du mois pour faire d\u00e9filer les dates.<\/p>\n\n\n\n<p><\/p>\n\n\n<div class=\"simcal-calendar simcal-default-calendar simcal-default-calendar-grid simcal-default-calendar-light\" data-calendar-id=\"78\" data-timezone=\"Europe\/Paris\" data-offset=\"7200\" data-week-start=\"1\" data-calendar-start=\"1776204000\" data-calendar-end=\"1797093000\" data-events-first=\"1775806200\" data-events-last=\"1797093000\">\n\t\t\t\n            <table class=\"simcal-calendar-grid\"\n                   data-event-bubble-trigger=\"hover\">\n                <thead class=\"simcal-calendar-head\">\n                <tr>\n\t\t\t\t\t                        <th class=\"simcal-nav simcal-prev-wrapper\" colspan=\"1\">\n                            <button class=\"simcal-nav-button simcal-month-nav simcal-prev\" title=\"Mois pr\u00e9cc\u00e9dent\" aria-label=\"Mois pr\u00e9cc\u00e9dent\"><i class=\"simcal-icon-left\"><\/i><\/button>\n                        <\/th>\n\t\t\t\t\t                    <th colspan=\"5\"\n                        class=\"simcal-nav simcal-current\"\n                        data-calendar-current=\"1776204000\">\n\t\t\t\t\t\t<h3> <span class=\"simcal-current-month\">avril<\/span>  <span class=\"simcal-current-year\">2026<\/span> <\/h3>                    <\/th>\n\t\t\t\t\t                        <th class=\"simcal-nav simcal-next-wrapper\" colspan=\"1\">\n                            <button class=\"simcal-nav-button simcal-month-nav simcal-next\" title=\"Mois suivant\" aria-label=\"Mois suivant\"><i class=\"simcal-icon-right\"><\/i><\/button>\n                        <\/th>\n\t\t\t\t\t                <\/tr>\n                <tr>\n\t\t\t\t\t                        <th class=\"simcal-week-day simcal-week-day-1\"\n                            data-screen-small=\"l\"\n                            data-screen-medium=\"lun\"\n                            data-screen-large=\"lundi\">lun<\/th>\n\t\t\t\t\t\t                        <th class=\"simcal-week-day simcal-week-day-2\"\n                            data-screen-small=\"m\"\n                            data-screen-medium=\"mar\"\n                            data-screen-large=\"mardi\">mar<\/th>\n\t\t\t\t\t\t                        <th class=\"simcal-week-day simcal-week-day-3\"\n                            data-screen-small=\"m\"\n                            data-screen-medium=\"mer\"\n                            data-screen-large=\"mercredi\">mer<\/th>\n\t\t\t\t\t\t                        <th class=\"simcal-week-day simcal-week-day-4\"\n                            data-screen-small=\"j\"\n                            data-screen-medium=\"jeu\"\n                            data-screen-large=\"jeudi\">jeu<\/th>\n\t\t\t\t\t\t                        <th class=\"simcal-week-day simcal-week-day-5\"\n                            data-screen-small=\"v\"\n                            data-screen-medium=\"ven\"\n                            data-screen-large=\"vendredi\">ven<\/th>\n\t\t\t\t\t\t                        <th class=\"simcal-week-day simcal-week-day-6\"\n                            data-screen-small=\"s\"\n                            data-screen-medium=\"sam\"\n                            data-screen-large=\"samedi\">sam<\/th>\n\t\t\t\t\t\t                            <th class=\"simcal-week-day simcal-week-day-0\"\n                                data-screen-small=\"d\"\n                                data-screen-medium=\"dim\"\n                                data-screen-large=\"dimanche\">dim<\/th>\n\t\t\t\t\t\t\t                <\/tr>\n                <\/thead>\n\n\t\t\t\t<tbody class=\"simcal-month simcal-month-4\">\n\t<tr class=\"simcal-week simcal-week-14\"><td class=\"simcal-day simcal-day-void \"><\/td>\n<td class=\"simcal-day simcal-day-void simcal-day-void-last\"><\/td>\n<td class=\"simcal-day-1 simcal-weekday-3 simcal-past simcal-day\" data-events-count=\"0\">\n\t<div>\n\t\t<span class=\"simcal-day-label simcal-day-number\">1<\/span>\n\t\t<span class=\"simcal-no-events\"><\/span>\n\t\t<span class=\"simcal-events-dots\" style=\"display: none;\"><\/span>\n\t<\/div>\n<\/td>\n<td class=\"simcal-day-2 simcal-weekday-4 simcal-past simcal-day\" data-events-count=\"0\">\n\t<div>\n\t\t<span class=\"simcal-day-label simcal-day-number\">2<\/span>\n\t\t<span class=\"simcal-no-events\"><\/span>\n\t\t<span class=\"simcal-events-dots\" style=\"display: none;\"><\/span>\n\t<\/div>\n<\/td>\n<td class=\"simcal-day-3 simcal-weekday-5 simcal-past simcal-day\" data-events-count=\"0\">\n\t<div>\n\t\t<span class=\"simcal-day-label simcal-day-number\">3<\/span>\n\t\t<span class=\"simcal-no-events\"><\/span>\n\t\t<span class=\"simcal-events-dots\" style=\"display: none;\"><\/span>\n\t<\/div>\n<\/td>\n<td class=\"simcal-day-4 simcal-weekday-6 simcal-past simcal-day\" data-events-count=\"0\">\n\t<div>\n\t\t<span class=\"simcal-day-label simcal-day-number\">4<\/span>\n\t\t<span class=\"simcal-no-events\"><\/span>\n\t\t<span class=\"simcal-events-dots\" style=\"display: none;\"><\/span>\n\t<\/div>\n<\/td>\n<td class=\"simcal-day-5 simcal-weekday-0 simcal-past simcal-day\" data-events-count=\"0\">\n\t<div>\n\t\t<span class=\"simcal-day-label simcal-day-number\">5<\/span>\n\t\t<span class=\"simcal-no-events\"><\/span>\n\t\t<span class=\"simcal-events-dots\" style=\"display: none;\"><\/span>\n\t<\/div>\n<\/td>\n<\/tr><tr class=\"simcal-week simcal-week-14\">\n<td class=\"simcal-day-6 simcal-weekday-1 simcal-past simcal-day\" data-events-count=\"0\">\n\t<div>\n\t\t<span class=\"simcal-day-label simcal-day-number\">6<\/span>\n\t\t<span class=\"simcal-no-events\"><\/span>\n\t\t<span class=\"simcal-events-dots\" style=\"display: none;\"><\/span>\n\t<\/div>\n<\/td>\n<td class=\"simcal-day-7 simcal-weekday-2 simcal-past simcal-day\" data-events-count=\"0\">\n\t<div>\n\t\t<span class=\"simcal-day-label simcal-day-number\">7<\/span>\n\t\t<span class=\"simcal-no-events\"><\/span>\n\t\t<span class=\"simcal-events-dots\" style=\"display: none;\"><\/span>\n\t<\/div>\n<\/td>\n<td class=\"simcal-day-8 simcal-weekday-3 simcal-past simcal-day\" data-events-count=\"0\">\n\t<div>\n\t\t<span class=\"simcal-day-label simcal-day-number\">8<\/span>\n\t\t<span class=\"simcal-no-events\"><\/span>\n\t\t<span class=\"simcal-events-dots\" style=\"display: none;\"><\/span>\n\t<\/div>\n<\/td>\n<td class=\"simcal-day-9 simcal-weekday-4 simcal-past simcal-day\" data-events-count=\"0\">\n\t<div>\n\t\t<span class=\"simcal-day-label simcal-day-number\">9<\/span>\n\t\t<span class=\"simcal-no-events\"><\/span>\n\t\t<span class=\"simcal-events-dots\" style=\"display: none;\"><\/span>\n\t<\/div>\n<\/td>\n<td class=\"simcal-day-10 simcal-weekday-5 simcal-past simcal-day simcal-day-has-events simcal-day-has-1-events simcal-events-calendar-78\" data-events-count=\"1\">\n\t<div>\n\t\t<span class=\"simcal-day-label simcal-day-number\" style=\"background-color: #000000; color: #ffffff\">10<\/span>\n\t\t<ul class=\"simcal-events\">\t<li class=\"simcal-event simcal-event-has-location simcal-events-calendar-78 simcal-tooltip\" itemscope itemtype=\"http:\/\/schema.org\/Event\">\n\t\t<span class=\"simcal-event-title\">Maltraitances\u00a0: Intervention syst\u00e9manalytique de r\u00e9seau<\/span>\n\t\t<div class=\"simcal-event-details simcal-tooltip-content\" style=\"display: none;\"><p><strong><span class=\"simcal-event-title\" itemprop=\"name\">Maltraitances\u00a0: Intervention syst\u00e9manalytique de r\u00e9seau<\/span><\/strong><\/p>\n<p><span class=\"simcal-event-start simcal-event-start-date\" data-event-start=\"1775806200\" data-event-format=\"j F Y\" itemprop=\"startDate\" content=\"2026-04-10T09:30:00+02:00\">10 avril 2026<\/span>&nbsp;@&nbsp;<span class=\"simcal-event-start simcal-event-start-time\" data-event-start=\"1775806200\" data-event-format=\"G \\h i \\m\\i\\n\" itemprop=\"startDate\" content=\"2026-04-10T09:30:00+02:00\">9 h 30 min<\/span> - <span class=\"simcal-event-end simcal-event-end-time\" data-event-end=\"1775835000\" data-event-format=\"G \\h i \\m\\i\\n\" itemprop=\"endDate\" content=\"2026-04-10T17:30:00+02:00\">17 h 30 min<\/span><br \/>\n <span class=\"simcal-event-address simcal-event-start-location\" itemprop=\"location\" itemscope itemtype=\"http:\/\/schema.org\/Place\"><meta itemprop=\"name\" content=\"Centre des Buttes-Chaumont. 20 rue du Rhin. 75019 Paris\" \/><meta itemprop=\"address\" content=\"Centre des Buttes-Chaumont. 20 rue du Rhin. 75019 Paris\" \/>Centre des Buttes-Chaumont. 20 rue du Rhin. 75019 Paris<\/span><\/p>\n<div><\/div>\n<p> <a href=\"https:\/\/www.google.com\/calendar\/event?eid=NHF2YzBjNnF0NnZ1MHJiaDZtMGQ4bmszanYgMGlob25hNGFjbDA3NHFiNmoxYTRsc3M1aDhAZw&#038;ctz=Europe\/Paris\" target=\"_blank\" >Voir plus de d\u00e9tails<\/a><\/p><\/div>\n\t<\/li>\n<\/ul>\n\n\t\t<span class=\"simcal-events-dots\" style=\"display: none;\"><b style=\"color: #000;\"> &bull; <\/b><\/span>\n\t<\/div>\n<\/td>\n<td class=\"simcal-day-11 simcal-weekday-6 simcal-past simcal-day simcal-day-has-events simcal-day-has-1-events simcal-events-calendar-78\" data-events-count=\"1\">\n\t<div>\n\t\t<span class=\"simcal-day-label simcal-day-number\" style=\"background-color: #000000; color: #ffffff\">11<\/span>\n\t\t<ul class=\"simcal-events\">\t<li class=\"simcal-event simcal-event-has-location simcal-events-calendar-78 simcal-tooltip\" itemscope itemtype=\"http:\/\/schema.org\/Event\">\n\t\t<span class=\"simcal-event-title\">Maltraitances\u00a0: Intervention syst\u00e9manalytique de r\u00e9seau<\/span>\n\t\t<div class=\"simcal-event-details simcal-tooltip-content\" style=\"display: none;\"><p><strong><span class=\"simcal-event-title\" itemprop=\"name\">Maltraitances\u00a0: Intervention syst\u00e9manalytique de r\u00e9seau<\/span><\/strong><\/p>\n<p><span class=\"simcal-event-start simcal-event-start-date\" data-event-start=\"1775892600\" data-event-format=\"j F Y\" itemprop=\"startDate\" content=\"2026-04-11T09:30:00+02:00\">11 avril 2026<\/span>&nbsp;@&nbsp;<span class=\"simcal-event-start simcal-event-start-time\" data-event-start=\"1775892600\" data-event-format=\"G \\h i \\m\\i\\n\" itemprop=\"startDate\" content=\"2026-04-11T09:30:00+02:00\">9 h 30 min<\/span> - <span class=\"simcal-event-end simcal-event-end-time\" data-event-end=\"1775921400\" data-event-format=\"G \\h i \\m\\i\\n\" itemprop=\"endDate\" content=\"2026-04-11T17:30:00+02:00\">17 h 30 min<\/span><br \/>\n <span class=\"simcal-event-address simcal-event-start-location\" itemprop=\"location\" itemscope itemtype=\"http:\/\/schema.org\/Place\"><meta itemprop=\"name\" content=\"Centre des Buttes-Chaumont. 20 rue du Rhin. 75019 Paris\" \/><meta itemprop=\"address\" content=\"Centre des Buttes-Chaumont. 20 rue du Rhin. 75019 Paris\" \/>Centre des Buttes-Chaumont. 20 rue du Rhin. 75019 Paris<\/span><\/p>\n<div><\/div>\n<p> <a href=\"https:\/\/www.google.com\/calendar\/event?eid=N3BkMDBobDZxZnRianE0bGx0MHZwOHFuZTYgMGlob25hNGFjbDA3NHFiNmoxYTRsc3M1aDhAZw&#038;ctz=Europe\/Paris\" target=\"_blank\" >Voir plus de d\u00e9tails<\/a><\/p><\/div>\n\t<\/li>\n<\/ul>\n\n\t\t<span class=\"simcal-events-dots\" style=\"display: none;\"><b style=\"color: #000;\"> &bull; <\/b><\/span>\n\t<\/div>\n<\/td>\n<td class=\"simcal-day-12 simcal-weekday-0 simcal-past simcal-day\" data-events-count=\"0\">\n\t<div>\n\t\t<span class=\"simcal-day-label simcal-day-number\">12<\/span>\n\t\t<span class=\"simcal-no-events\"><\/span>\n\t\t<span class=\"simcal-events-dots\" style=\"display: none;\"><\/span>\n\t<\/div>\n<\/td>\n<\/tr><tr class=\"simcal-week simcal-week-15\">\n<td class=\"simcal-day-13 simcal-weekday-1 simcal-past simcal-day\" data-events-count=\"0\">\n\t<div>\n\t\t<span class=\"simcal-day-label simcal-day-number\">13<\/span>\n\t\t<span class=\"simcal-no-events\"><\/span>\n\t\t<span class=\"simcal-events-dots\" style=\"display: none;\"><\/span>\n\t<\/div>\n<\/td>\n<td class=\"simcal-day-14 simcal-weekday-2 simcal-past simcal-day\" data-events-count=\"0\">\n\t<div>\n\t\t<span class=\"simcal-day-label simcal-day-number\">14<\/span>\n\t\t<span class=\"simcal-no-events\"><\/span>\n\t\t<span class=\"simcal-events-dots\" style=\"display: none;\"><\/span>\n\t<\/div>\n<\/td>\n<td class=\"simcal-day-15 simcal-weekday-3 simcal-today simcal-present simcal-day\" data-events-count=\"0\">\n\t<div style=\"border: 1px solid #1e73be;\">\n\t\t<span class=\"simcal-day-label simcal-day-number\" style=\"background-color: #1e73be; color: #ffffff\">15<\/span>\n\t\t<span class=\"simcal-no-events\"><\/span>\n\t\t<span class=\"simcal-events-dots\" style=\"display: none;\"><\/span>\n\t<\/div>\n<\/td>\n<td class=\"simcal-day-16 simcal-weekday-4 simcal-future simcal-day\" data-events-count=\"0\">\n\t<div>\n\t\t<span class=\"simcal-day-label simcal-day-number\">16<\/span>\n\t\t<span class=\"simcal-no-events\"><\/span>\n\t\t<span class=\"simcal-events-dots\" style=\"display: none;\"><\/span>\n\t<\/div>\n<\/td>\n<td class=\"simcal-day-17 simcal-weekday-5 simcal-future simcal-day\" data-events-count=\"0\">\n\t<div>\n\t\t<span class=\"simcal-day-label simcal-day-number\">17<\/span>\n\t\t<span class=\"simcal-no-events\"><\/span>\n\t\t<span class=\"simcal-events-dots\" style=\"display: none;\"><\/span>\n\t<\/div>\n<\/td>\n<td class=\"simcal-day-18 simcal-weekday-6 simcal-future simcal-day\" data-events-count=\"0\">\n\t<div>\n\t\t<span class=\"simcal-day-label simcal-day-number\">18<\/span>\n\t\t<span class=\"simcal-no-events\"><\/span>\n\t\t<span class=\"simcal-events-dots\" style=\"display: none;\"><\/span>\n\t<\/div>\n<\/td>\n<td class=\"simcal-day-19 simcal-weekday-0 simcal-future simcal-day\" data-events-count=\"0\">\n\t<div>\n\t\t<span class=\"simcal-day-label simcal-day-number\">19<\/span>\n\t\t<span class=\"simcal-no-events\"><\/span>\n\t\t<span class=\"simcal-events-dots\" style=\"display: none;\"><\/span>\n\t<\/div>\n<\/td>\n<\/tr><tr class=\"simcal-week simcal-week-16\">\n<td class=\"simcal-day-20 simcal-weekday-1 simcal-future simcal-day\" data-events-count=\"0\">\n\t<div>\n\t\t<span class=\"simcal-day-label simcal-day-number\">20<\/span>\n\t\t<span class=\"simcal-no-events\"><\/span>\n\t\t<span class=\"simcal-events-dots\" style=\"display: none;\"><\/span>\n\t<\/div>\n<\/td>\n<td class=\"simcal-day-21 simcal-weekday-2 simcal-future simcal-day\" data-events-count=\"0\">\n\t<div>\n\t\t<span class=\"simcal-day-label simcal-day-number\">21<\/span>\n\t\t<span class=\"simcal-no-events\"><\/span>\n\t\t<span class=\"simcal-events-dots\" style=\"display: none;\"><\/span>\n\t<\/div>\n<\/td>\n<td class=\"simcal-day-22 simcal-weekday-3 simcal-future simcal-day\" data-events-count=\"0\">\n\t<div>\n\t\t<span class=\"simcal-day-label simcal-day-number\">22<\/span>\n\t\t<span class=\"simcal-no-events\"><\/span>\n\t\t<span class=\"simcal-events-dots\" style=\"display: none;\"><\/span>\n\t<\/div>\n<\/td>\n<td class=\"simcal-day-23 simcal-weekday-4 simcal-future simcal-day\" data-events-count=\"0\">\n\t<div>\n\t\t<span class=\"simcal-day-label simcal-day-number\">23<\/span>\n\t\t<span class=\"simcal-no-events\"><\/span>\n\t\t<span class=\"simcal-events-dots\" style=\"display: none;\"><\/span>\n\t<\/div>\n<\/td>\n<td class=\"simcal-day-24 simcal-weekday-5 simcal-future simcal-day\" data-events-count=\"0\">\n\t<div>\n\t\t<span class=\"simcal-day-label simcal-day-number\">24<\/span>\n\t\t<span class=\"simcal-no-events\"><\/span>\n\t\t<span class=\"simcal-events-dots\" style=\"display: none;\"><\/span>\n\t<\/div>\n<\/td>\n<td class=\"simcal-day-25 simcal-weekday-6 simcal-future simcal-day\" data-events-count=\"0\">\n\t<div>\n\t\t<span class=\"simcal-day-label simcal-day-number\">25<\/span>\n\t\t<span class=\"simcal-no-events\"><\/span>\n\t\t<span class=\"simcal-events-dots\" style=\"display: none;\"><\/span>\n\t<\/div>\n<\/td>\n<td class=\"simcal-day-26 simcal-weekday-0 simcal-future simcal-day\" data-events-count=\"0\">\n\t<div>\n\t\t<span class=\"simcal-day-label simcal-day-number\">26<\/span>\n\t\t<span class=\"simcal-no-events\"><\/span>\n\t\t<span class=\"simcal-events-dots\" style=\"display: none;\"><\/span>\n\t<\/div>\n<\/td>\n<\/tr><tr class=\"simcal-week simcal-week-17\">\n<td class=\"simcal-day-27 simcal-weekday-1 simcal-future simcal-day\" data-events-count=\"0\">\n\t<div>\n\t\t<span class=\"simcal-day-label simcal-day-number\">27<\/span>\n\t\t<span class=\"simcal-no-events\"><\/span>\n\t\t<span class=\"simcal-events-dots\" style=\"display: none;\"><\/span>\n\t<\/div>\n<\/td>\n<td class=\"simcal-day-28 simcal-weekday-2 simcal-future simcal-day\" data-events-count=\"0\">\n\t<div>\n\t\t<span class=\"simcal-day-label simcal-day-number\">28<\/span>\n\t\t<span class=\"simcal-no-events\"><\/span>\n\t\t<span class=\"simcal-events-dots\" style=\"display: none;\"><\/span>\n\t<\/div>\n<\/td>\n<td class=\"simcal-day-29 simcal-weekday-3 simcal-future simcal-day\" data-events-count=\"0\">\n\t<div>\n\t\t<span class=\"simcal-day-label simcal-day-number\">29<\/span>\n\t\t<span class=\"simcal-no-events\"><\/span>\n\t\t<span class=\"simcal-events-dots\" style=\"display: none;\"><\/span>\n\t<\/div>\n<\/td>\n<td class=\"simcal-day-30 simcal-weekday-4 simcal-future simcal-day\" data-events-count=\"0\">\n\t<div>\n\t\t<span class=\"simcal-day-label simcal-day-number\">30<\/span>\n\t\t<span class=\"simcal-no-events\"><\/span>\n\t\t<span class=\"simcal-events-dots\" style=\"display: none;\"><\/span>\n\t<\/div>\n<\/td>\n<td class=\"simcal-day simcal-day-void \"><\/td>\n<td class=\"simcal-day simcal-day-void \"><\/td>\n<td class=\"simcal-day simcal-day-void simcal-day-void-last\"><\/td>\n\t<\/tr>\n<\/tbody>\n\t \t\t\t\n            <\/table>\n\n\t\t\t<\/div>\n\n\n\n\n\n<p>Le Centre des Buttes-Chaumont est certifi\u00e9 Qualiopi pour les actions de Formation<\/p>\n\n\n\n<p><\/p>\n\n\n\n<p><\/p>\n\n\n\n<p><\/p>\n","protected":false},"excerpt":{"rendered":"<p>T\u00e9l\u00e9charger le programme de la formation Cycle court 1 an (140 h) Formation de 140 heures en th\u00e9rapie familiale et en approche syst\u00e9mique (syst\u00e9manalytique) sous forme de sessions de deux jours par mois pendant 10 mois (pas de sessions en juillet et ao\u00fbt). Il est possible d\u2019int\u00e9grer la formation de 140 heures pour une ann\u00e9e, [&hellip;]<\/p>\n","protected":false},"author":1,"featured_media":0,"parent":13,"menu_order":1,"comment_status":"closed","ping_status":"closed","template":"","meta":{"jetpack_post_was_ever_published":false,"footnotes":""},"class_list":["post-17","page","type-page","status-publish","hentry"],"jetpack_sharing_enabled":true,"jetpack_shortlink":"https:\/\/wp.me\/P7cYqF-h","jetpack-related-posts":[],"_links":{"self":[{"href":"https:\/\/centre-des-buttes-chaumont.org\/index.php\/wp-json\/wp\/v2\/pages\/17","targetHints":{"allow":["GET"]}}],"collection":[{"href":"https:\/\/centre-des-buttes-chaumont.org\/index.php\/wp-json\/wp\/v2\/pages"}],"about":[{"href":"https:\/\/centre-des-buttes-chaumont.org\/index.php\/wp-json\/wp\/v2\/types\/page"}],"author":[{"embeddable":true,"href":"https:\/\/centre-des-buttes-chaumont.org\/index.php\/wp-json\/wp\/v2\/users\/1"}],"replies":[{"embeddable":true,"href":"https:\/\/centre-des-buttes-chaumont.org\/index.php\/wp-json\/wp\/v2\/comments?post=17"}],"version-history":[{"count":83,"href":"https:\/\/centre-des-buttes-chaumont.org\/index.php\/wp-json\/wp\/v2\/pages\/17\/revisions"}],"predecessor-version":[{"id":2231,"href":"https:\/\/centre-des-buttes-chaumont.org\/index.php\/wp-json\/wp\/v2\/pages\/17\/revisions\/2231"}],"up":[{"embeddable":true,"href":"https:\/\/centre-des-buttes-chaumont.org\/index.php\/wp-json\/wp\/v2\/pages\/13"}],"wp:attachment":[{"href":"https:\/\/centre-des-buttes-chaumont.org\/index.php\/wp-json\/wp\/v2\/media?parent=17"}],"curies":[{"name":"wp","href":"https:\/\/api.w.org\/{rel}","templated":true}]}}