{"id":167,"date":"2017-09-23T13:52:30","date_gmt":"2017-09-23T12:52:30","guid":{"rendered":"http:\/\/centre-des-buttes-chaumont.org\/?page_id=167"},"modified":"2025-09-12T18:37:37","modified_gmt":"2025-09-12T17:37:37","slug":"documentation","status":"publish","type":"page","link":"https:\/\/centre-des-buttes-chaumont.org\/index.php\/documentation\/","title":{"rendered":"Documentation"},"content":{"rendered":"\n<p><\/p>\n\n<p><h3>Quelle place pour l\u2019environnement familial dans la prise en charge et quelles sp\u00e9cificit\u00e9s en fonction de la nature des violences sexuelles et des victimes (intra, extrafamilial) ?<\/h3><\/p><p>Rapport d&rsquo;expert de Martine Nisse lors de l&rsquo;audition publique 2025 des Centres Ressources pour les Intervenants aupr\u00e8s des Auteurs de Violences Sexuelles (CRIAVS)<\/p>\n<p><a href=\"https:\/\/centre-des-buttes-chaumont.org\/wp-content\/uploads\/2025\/09\/Martine_NISSE_Audition_Publique_2025.pdf\" class=\"mtli_attachment mtli_pdf\">Quelle place pour l\u2019environnement familial dans la prise en charge et quelles sp\u00e9cificit\u00e9s en fonction de la nature des violences sexuelles et des victimes (intra, extrafamilial) ?<\/a><\/p>\n<p>\u00a0<\/p>\n\n<p><h3>Article paru dans le n\u00b03 de la revue QUADERNI SIRTS<\/h3><\/p>\n<p><a href=\"https:\/\/centre-des-buttes-chaumont.org\/wp-content\/uploads\/2025\/03\/NISSE-2022-Du-bon-usage-du-vocabulaire-dans-lapproche-systemanalytique-de-linceste.-Therapie-familiale-de-reseau-des-systemes-incestueux.pdf\" class=\"mtli_attachment mtli_pdf\">Du bon usage du vocabulaire dans l&rsquo;approche systemanalytique de l&rsquo;inceste. Therapie familiale de reseau des systemes incestueux<\/a><\/p>\n<p>\u00a0<\/p>\n\n<p><h3>Etude nationale sur les morts violentes au sein du couple<\/h3><\/p>\n<p><a href=\"https:\/\/centre-des-buttes-chaumont.org\/wp-content\/uploads\/2020\/08\/Etude-nationale-sur-les-morts-violentes-au-sein-du-couple-2019.pdf\" class=\"mtli_attachment mtli_pdf\">Etude nationale sur les morts violentes au sein du couple<\/a><\/p>\n<p>\u00a0<\/p>\n\n<p><h3>Quelle approche de la famille de l\u2019auteur de violences sexuelles ?<\/h3><\/p>\n<p>Rapport d&rsquo;expert de Martine Nisse lors de l&rsquo;audition publique 2021 des Centres Ressources pour les Intervenants aupr\u00e8s des Auteurs de Violences Sexuelles (CRIAVS)<\/p>\n<p><a href=\"https:\/\/www.ffcriavs.org\/media\/filer_public\/17\/ca\/17cae8b7-e6ed-4e16-992c-c017bd523251\/expert_32_mnisse_modif_2.pdf\" class=\"mtli_attachment mtli_pdf\">Quelle approche de la famille de l\u2019auteur de violences sexuelles ?<\/a><\/p>\n<p>\u00a0<\/p>\n\n<p><h3>Auteurs de violences sexuelles : Pr\u00e9vention, \u00e9valuation, prise en charge<\/h3><\/p><p>Rapport d&rsquo;expert de Martine Nisse lors de l&rsquo;audition publique 2018 des Centres Ressources pour les Intervenants aupr\u00e8s des Auteurs de Violences Sexuelles (CRIAVS)\n<p><a href=\"https:\/\/centre-des-buttes-chaumont.org\/wp-content\/uploads\/2024\/03\/Auteurs-de-violences-sexuelles.-prevention-evaluation-prise-en-charge.pdf\" class=\"mtli_attachment mtli_pdf\">Auteurs de violences sexuelles : Pr\u00e9vention, \u00e9valuation, prise en charge<\/a><\/p>\n<p>\u00a0<\/p>\n\n<p><h3>F\u00e9d\u00e9ration fran\u00e7aise des Centres Ressources pour les Intervenants aupr\u00e8s des Auteurs de Violences Sexuelles (CRIAVS).<\/h3><\/p>\n<p><a href=\"https:\/\/www.ffcriavs.org\/accueil\/\">Site des CRIAVS<\/a><\/p>\n<p>\u00a0<\/p>\n<p><h3>Rapport du CNRS du 26 avril 2017 : Les violences sexuelles \u00e0 caract\u00e8re incestueux sur mineur.e.s<\/h3><\/p>\n<p><a href=\"http:\/\/centre-des-buttes-chaumont.org\/wp-content\/uploads\/2017\/09\/CNRS_Violences_sexuelles.pdf\" class=\"mtli_attachment mtli_pdf\">CNRS_Violences_sexuelles<\/a><\/p>\n<p>\u00a0<\/p>\n<p><h3>Plan interminist\u00e9riel de mobilisation et de lutte contre les violences faites aux enfants<\/h3><\/p>\n<p><a href=\"http:\/\/centre-des-buttes-chaumont.org\/wp-content\/uploads\/2017\/09\/Plan_Violences_Enfants_2017-2019.pdf\" class=\"mtli_attachment mtli_pdf\">Plan_Violences_Enfants_2017-2019<\/a><\/p>\n<p>\u00a0<\/p>\n<p><h3>D\u00e9marche de consensus sur les besoins fondamentaux de l&rsquo;enfant en protection de l&rsquo;enfance<\/h3><\/p>\n<p><a href=\"http:\/\/centre-des-buttes-chaumont.org\/wp-content\/uploads\/2017\/09\/Demarche-de-consensus.pdf\" class=\"mtli_attachment mtli_pdf\">Demarche de consensus<\/a><\/p>","protected":false},"excerpt":{"rendered":"<p>Quelle place pour l\u2019environnement familial dans la prise en charge et quelles sp\u00e9cificit\u00e9s en fonction de la nature des violences sexuelles et des victimes (intra, extrafamilial) ? Rapport d&rsquo;expert de Martine Nisse lors de l&rsquo;audition publique 2025 des Centres Ressources pour les Intervenants aupr\u00e8s des Auteurs de Violences Sexuelles (CRIAVS) Quelle place pour l\u2019environnement familial [&hellip;]<\/p>\n","protected":false},"author":2,"featured_media":0,"parent":0,"menu_order":6,"comment_status":"closed","ping_status":"closed","template":"","meta":{"jetpack_post_was_ever_published":false,"footnotes":""},"class_list":["post-167","page","type-page","status-publish","hentry"],"jetpack_sharing_enabled":true,"jetpack_shortlink":"https:\/\/wp.me\/P7cYqF-2H","jetpack-related-posts":[],"_links":{"self":[{"href":"https:\/\/centre-des-buttes-chaumont.org\/index.php\/wp-json\/wp\/v2\/pages\/167","targetHints":{"allow":["GET"]}}],"collection":[{"href":"https:\/\/centre-des-buttes-chaumont.org\/index.php\/wp-json\/wp\/v2\/pages"}],"about":[{"href":"https:\/\/centre-des-buttes-chaumont.org\/index.php\/wp-json\/wp\/v2\/types\/page"}],"author":[{"embeddable":true,"href":"https:\/\/centre-des-buttes-chaumont.org\/index.php\/wp-json\/wp\/v2\/users\/2"}],"replies":[{"embeddable":true,"href":"https:\/\/centre-des-buttes-chaumont.org\/index.php\/wp-json\/wp\/v2\/comments?post=167"}],"version-history":[{"count":50,"href":"https:\/\/centre-des-buttes-chaumont.org\/index.php\/wp-json\/wp\/v2\/pages\/167\/revisions"}],"predecessor-version":[{"id":2139,"href":"https:\/\/centre-des-buttes-chaumont.org\/index.php\/wp-json\/wp\/v2\/pages\/167\/revisions\/2139"}],"wp:attachment":[{"href":"https:\/\/centre-des-buttes-chaumont.org\/index.php\/wp-json\/wp\/v2\/media?parent=167"}],"curies":[{"name":"wp","href":"https:\/\/api.w.org\/{rel}","templated":true}]}}