{"id":15,"date":"2016-02-05T20:21:02","date_gmt":"2016-02-05T19:21:02","guid":{"rendered":"http:\/\/centre-des-buttes-chaumont.org\/wp_cdbc\/?page_id=15"},"modified":"2026-01-15T20:15:35","modified_gmt":"2026-01-15T19:15:35","slug":"intervention-en-reseau-aupres-des-systemes-maltraitants","status":"publish","type":"page","link":"https:\/\/centre-des-buttes-chaumont.org\/index.php\/formations\/intervention-en-reseau-aupres-des-systemes-maltraitants\/","title":{"rendered":"Intervention en r\u00e9seau aupr\u00e8s des syst\u00e8mes maltraitants (70h)"},"content":{"rendered":"\n<p><a href=\"https:\/\/centre-des-buttes-chaumont.org\/wp-content\/uploads\/2026\/01\/1.1.2-Descriptif-Buttes-Chaumont-Reseau-70H-V6.pdf\" class=\"mtli_attachment mtli_pdf\"><br>T\u00e9l\u00e9charger le programme de la formation<br><\/a><\/p>\n\n\n\n<p><\/p>\n\n\n\n<p><\/p>\n\n\n\n<p><\/p>\n\n\n\n<p><\/p>\n\n\n\n<h2 class=\"wp-block-heading\">Public<\/h2>\n\n\n\n<p>Assistants sociaux, \u00e9ducateurs sp\u00e9cialis\u00e9s, enseignants, infirmiers, magistrats, m\u00e9decins, policiers, psychiatres, psychoth\u00e9rapeutes et tous les professionnels ou b\u00e9n\u00e9voles de la protection de l&rsquo;enfance.<\/p>\n\n\n\n<h2 class=\"wp-block-heading\">Objectifs<\/h2>\n\n\n\n<p>Ce cycle de formation est destin\u00e9 \u00e0 toute personne cherchant \u00e0 \u00e9toffer ses connaissances des syst\u00e8mes maltraitants, en articulant les aspects th\u00e9oriques, psychologiques et sociaux avec les aspects juridiques indispensables pour am\u00e9liorer la qualit\u00e9 des interventions pluri-institutionnelles aupr\u00e8s des familles qui \u00ab\u00a0marchent sur la t\u00eate\u00a0\u00bb. L&rsquo;objectif est de d\u00e9couvrir les logiques professionnelles du syst\u00e8me judiciaire : diff\u00e9rencier le civil du p\u00e9nal afin d&rsquo;am\u00e9liorer les r\u00e9flexes des professionnels pour favoriser une meilleure coh\u00e9rence des interventions pluri-disciplinaires : \u00e9ducative, th\u00e9rapeutique et judiciaire, dans le but de tisser autour de l&rsquo;enfant vitcime de maltraitance physique, psychique, ou sexuelle, un filet de protection indispensable \u00e0 une prise en charge efficace, tout en aidant la famille \u00e0 \u00e9voluer.<\/p>\n\n\n\n<h2 class=\"wp-block-heading\">Contenu<\/h2>\n\n\n\n<p>Centr\u00e9e sur les textes de loi r\u00e9gissant la protection de l&rsquo;enfance et la sanction des agresseurs, le contenu de la formation s&rsquo;attache \u00e0 donner aux professionnels des outils leur permettant de d\u00e9velopper des strat\u00e9gies d&rsquo;intervention plus inventives pour d\u00e9tecter les situations de maltraitances av\u00e9r\u00e9es tout en se d\u00e9fiant des situations trompeuses. Cet enseignement original permet aux stagiaires de s&rsquo;approprier les connaissances juridiques indispensables \u00e0 la prise en charge des victimes et des auteurs de maltraitances. Il permet de pr\u00e9parer les professionnels \u00e0 affronter les temps des proc\u00e9dures judiciaires afin de fournir \u00e0 l&rsquo;enfant les moyens de traverser les crises familiales du d\u00e9voilement et du signalement, ainsi qu&rsquo;\u00e0 soutenir l&rsquo;\u00e9volution familiale.<\/p>\n\n\n\n<p>Il s&rsquo;agit d&rsquo;accompagner l&rsquo;enfant en justice : de veiller \u00e0 l&rsquo;articulation entre l&rsquo;avocat d&rsquo;enfant, l&rsquo;administrateur <em>ad hoc<\/em>, les services de probation, les liens avec les services p\u00e9nitentiaires et les diff\u00e9rents intervenants sociaux. Pr\u00e9parer les mineurs aux auditions p\u00e9nales, les professionnels au t\u00e9moignage en justice. Vivre le proc\u00e8s, g\u00e9rer l&rsquo;apr\u00e8s-proc\u00e8s, les visites et la sortie de prison et apprendre \u00e0 travailler apr\u00e8s les non-lieux et les classements sans suite figurent parmi les objectifs de cette formation.<\/p>\n\n\n\n<h2 class=\"wp-block-heading\">P\u00e9dagogie<\/h2>\n\n\n\n<ul class=\"wp-block-list\">\n<li>Expos\u00e9s th\u00e9oriques<\/li>\n\n\n\n<li>\u00c9changes avec des intervenants ext\u00e9rieurs invit\u00e9s \u00e0 partager leur exp\u00e9rience professionnelle<\/li>\n\n\n\n<li>Supervision de cas apport\u00e9s par les \u00e9tudiants<\/li>\n\n\n\n<li>Documents vid\u00e9os<\/li>\n\n\n\n<li>\u00c9tudes de cas apport\u00e9s par l&rsquo;actualit\u00e9 judiciaire<\/li>\n<\/ul>\n\n\n\n<p>Dix sessions d&rsquo;une journ\u00e9e par mois, de janvier \u00e0 d\u00e9cembre &#8211; Co\u00fbt : 1500 euros.<\/p>\n\n\n\n<p>Date limite d&rsquo;inscription pour 2025 : 31 mars 2025.<\/p>\n\n\n\n<h2 class=\"wp-block-heading\">Dates 2025<\/h2>\n\n\n\n<p><em>Les dates des sessions de formation sont susceptibles d&rsquo;\u00eatre modifi\u00e9es en cours d&rsquo;ann\u00e9e, en cas de force majeure.<\/em><\/p>\n\n\n\n<p>Les dates des sessions de formation sont accessibles en cliquant sur la fl\u00e8che du tableau \u00e0 droite. Cliquez ensuite sur les fl\u00e8ches de part et d\u2019autre du mois pour faire d\u00e9filer les dates.<\/p>\n\n\n<div class=\"simcal-calendar simcal-default-calendar simcal-default-calendar-grid simcal-default-calendar-light\" data-calendar-id=\"82\" data-timezone=\"Europe\/Paris\" data-offset=\"7200\" data-week-start=\"1\" data-calendar-start=\"1778018400\" data-calendar-end=\"1797093000\" data-events-first=\"1775892600\" data-events-last=\"1797093000\">\n\t\t\t\n            <table class=\"simcal-calendar-grid\"\n                   data-event-bubble-trigger=\"hover\">\n                <thead class=\"simcal-calendar-head\">\n                <tr>\n\t\t\t\t\t                        <th class=\"simcal-nav simcal-prev-wrapper\" colspan=\"1\">\n                            <button class=\"simcal-nav-button simcal-month-nav simcal-prev\" title=\"Mois pr\u00e9cc\u00e9dent\" aria-label=\"Mois pr\u00e9cc\u00e9dent\"><i class=\"simcal-icon-left\"><\/i><\/button>\n                        <\/th>\n\t\t\t\t\t                    <th colspan=\"5\"\n                        class=\"simcal-nav simcal-current\"\n                        data-calendar-current=\"1778018400\">\n\t\t\t\t\t\t<h3> <span class=\"simcal-current-month\">mai<\/span>  <span class=\"simcal-current-year\">2026<\/span> <\/h3>                    <\/th>\n\t\t\t\t\t                        <th class=\"simcal-nav simcal-next-wrapper\" colspan=\"1\">\n                            <button class=\"simcal-nav-button simcal-month-nav simcal-next\" title=\"Mois suivant\" aria-label=\"Mois suivant\"><i class=\"simcal-icon-right\"><\/i><\/button>\n                        <\/th>\n\t\t\t\t\t                <\/tr>\n                <tr>\n\t\t\t\t\t                        <th class=\"simcal-week-day simcal-week-day-1\"\n                            data-screen-small=\"l\"\n                            data-screen-medium=\"lun\"\n                            data-screen-large=\"lundi\">lun<\/th>\n\t\t\t\t\t\t                        <th class=\"simcal-week-day simcal-week-day-2\"\n                            data-screen-small=\"m\"\n                            data-screen-medium=\"mar\"\n                            data-screen-large=\"mardi\">mar<\/th>\n\t\t\t\t\t\t                        <th class=\"simcal-week-day simcal-week-day-3\"\n                            data-screen-small=\"m\"\n                            data-screen-medium=\"mer\"\n                            data-screen-large=\"mercredi\">mer<\/th>\n\t\t\t\t\t\t                        <th class=\"simcal-week-day simcal-week-day-4\"\n                            data-screen-small=\"j\"\n                            data-screen-medium=\"jeu\"\n                            data-screen-large=\"jeudi\">jeu<\/th>\n\t\t\t\t\t\t                        <th class=\"simcal-week-day simcal-week-day-5\"\n                            data-screen-small=\"v\"\n                            data-screen-medium=\"ven\"\n                            data-screen-large=\"vendredi\">ven<\/th>\n\t\t\t\t\t\t                        <th class=\"simcal-week-day simcal-week-day-6\"\n                            data-screen-small=\"s\"\n                            data-screen-medium=\"sam\"\n                            data-screen-large=\"samedi\">sam<\/th>\n\t\t\t\t\t\t                            <th class=\"simcal-week-day simcal-week-day-0\"\n                                data-screen-small=\"d\"\n                                data-screen-medium=\"dim\"\n                                data-screen-large=\"dimanche\">dim<\/th>\n\t\t\t\t\t\t\t                <\/tr>\n                <\/thead>\n\n\t\t\t\t<tbody class=\"simcal-month simcal-month-5\">\n\t<tr class=\"simcal-week simcal-week-18\"><td class=\"simcal-day simcal-day-void \"><\/td>\n<td class=\"simcal-day simcal-day-void \"><\/td>\n<td class=\"simcal-day simcal-day-void \"><\/td>\n<td class=\"simcal-day simcal-day-void simcal-day-void-last\"><\/td>\n<td class=\"simcal-day-1 simcal-weekday-5 simcal-past simcal-day\" data-events-count=\"0\">\n\t<div>\n\t\t<span class=\"simcal-day-label simcal-day-number\">1<\/span>\n\t\t<span class=\"simcal-no-events\"><\/span>\n\t\t<span class=\"simcal-events-dots\" style=\"display: none;\"><\/span>\n\t<\/div>\n<\/td>\n<td class=\"simcal-day-2 simcal-weekday-6 simcal-past simcal-day\" data-events-count=\"0\">\n\t<div>\n\t\t<span class=\"simcal-day-label simcal-day-number\">2<\/span>\n\t\t<span class=\"simcal-no-events\"><\/span>\n\t\t<span class=\"simcal-events-dots\" style=\"display: none;\"><\/span>\n\t<\/div>\n<\/td>\n<td class=\"simcal-day-3 simcal-weekday-0 simcal-past simcal-day\" data-events-count=\"0\">\n\t<div>\n\t\t<span class=\"simcal-day-label simcal-day-number\">3<\/span>\n\t\t<span class=\"simcal-no-events\"><\/span>\n\t\t<span class=\"simcal-events-dots\" style=\"display: none;\"><\/span>\n\t<\/div>\n<\/td>\n<\/tr><tr class=\"simcal-week simcal-week-18\">\n<td class=\"simcal-day-4 simcal-weekday-1 simcal-past simcal-day\" data-events-count=\"0\">\n\t<div>\n\t\t<span class=\"simcal-day-label simcal-day-number\">4<\/span>\n\t\t<span class=\"simcal-no-events\"><\/span>\n\t\t<span class=\"simcal-events-dots\" style=\"display: none;\"><\/span>\n\t<\/div>\n<\/td>\n<td class=\"simcal-day-5 simcal-weekday-2 simcal-past simcal-day\" data-events-count=\"0\">\n\t<div>\n\t\t<span class=\"simcal-day-label simcal-day-number\">5<\/span>\n\t\t<span class=\"simcal-no-events\"><\/span>\n\t\t<span class=\"simcal-events-dots\" style=\"display: none;\"><\/span>\n\t<\/div>\n<\/td>\n<td class=\"simcal-day-6 simcal-weekday-3 simcal-today simcal-present simcal-day\" data-events-count=\"0\">\n\t<div style=\"border: 1px solid #1e73be;\">\n\t\t<span class=\"simcal-day-label simcal-day-number\" style=\"background-color: #1e73be; color: #ffffff\">6<\/span>\n\t\t<span class=\"simcal-no-events\"><\/span>\n\t\t<span class=\"simcal-events-dots\" style=\"display: none;\"><\/span>\n\t<\/div>\n<\/td>\n<td class=\"simcal-day-7 simcal-weekday-4 simcal-future simcal-day\" data-events-count=\"0\">\n\t<div>\n\t\t<span class=\"simcal-day-label simcal-day-number\">7<\/span>\n\t\t<span class=\"simcal-no-events\"><\/span>\n\t\t<span class=\"simcal-events-dots\" style=\"display: none;\"><\/span>\n\t<\/div>\n<\/td>\n<td class=\"simcal-day-8 simcal-weekday-5 simcal-future simcal-day\" data-events-count=\"0\">\n\t<div>\n\t\t<span class=\"simcal-day-label simcal-day-number\">8<\/span>\n\t\t<span class=\"simcal-no-events\"><\/span>\n\t\t<span class=\"simcal-events-dots\" style=\"display: none;\"><\/span>\n\t<\/div>\n<\/td>\n<td class=\"simcal-day-9 simcal-weekday-6 simcal-future simcal-day\" data-events-count=\"0\">\n\t<div>\n\t\t<span class=\"simcal-day-label simcal-day-number\">9<\/span>\n\t\t<span class=\"simcal-no-events\"><\/span>\n\t\t<span class=\"simcal-events-dots\" style=\"display: none;\"><\/span>\n\t<\/div>\n<\/td>\n<td class=\"simcal-day-10 simcal-weekday-0 simcal-future simcal-day\" data-events-count=\"0\">\n\t<div>\n\t\t<span class=\"simcal-day-label simcal-day-number\">10<\/span>\n\t\t<span class=\"simcal-no-events\"><\/span>\n\t\t<span class=\"simcal-events-dots\" style=\"display: none;\"><\/span>\n\t<\/div>\n<\/td>\n<\/tr><tr class=\"simcal-week simcal-week-19\">\n<td class=\"simcal-day-11 simcal-weekday-1 simcal-future simcal-day\" data-events-count=\"0\">\n\t<div>\n\t\t<span class=\"simcal-day-label simcal-day-number\">11<\/span>\n\t\t<span class=\"simcal-no-events\"><\/span>\n\t\t<span class=\"simcal-events-dots\" style=\"display: none;\"><\/span>\n\t<\/div>\n<\/td>\n<td class=\"simcal-day-12 simcal-weekday-2 simcal-future simcal-day\" data-events-count=\"0\">\n\t<div>\n\t\t<span class=\"simcal-day-label simcal-day-number\">12<\/span>\n\t\t<span class=\"simcal-no-events\"><\/span>\n\t\t<span class=\"simcal-events-dots\" style=\"display: none;\"><\/span>\n\t<\/div>\n<\/td>\n<td class=\"simcal-day-13 simcal-weekday-3 simcal-future simcal-day\" data-events-count=\"0\">\n\t<div>\n\t\t<span class=\"simcal-day-label simcal-day-number\">13<\/span>\n\t\t<span class=\"simcal-no-events\"><\/span>\n\t\t<span class=\"simcal-events-dots\" style=\"display: none;\"><\/span>\n\t<\/div>\n<\/td>\n<td class=\"simcal-day-14 simcal-weekday-4 simcal-future simcal-day\" data-events-count=\"0\">\n\t<div>\n\t\t<span class=\"simcal-day-label simcal-day-number\">14<\/span>\n\t\t<span class=\"simcal-no-events\"><\/span>\n\t\t<span class=\"simcal-events-dots\" style=\"display: none;\"><\/span>\n\t<\/div>\n<\/td>\n<td class=\"simcal-day-15 simcal-weekday-5 simcal-future simcal-day\" data-events-count=\"0\">\n\t<div>\n\t\t<span class=\"simcal-day-label simcal-day-number\">15<\/span>\n\t\t<span class=\"simcal-no-events\"><\/span>\n\t\t<span class=\"simcal-events-dots\" style=\"display: none;\"><\/span>\n\t<\/div>\n<\/td>\n<td class=\"simcal-day-16 simcal-weekday-6 simcal-future simcal-day\" data-events-count=\"0\">\n\t<div>\n\t\t<span class=\"simcal-day-label simcal-day-number\">16<\/span>\n\t\t<span class=\"simcal-no-events\"><\/span>\n\t\t<span class=\"simcal-events-dots\" style=\"display: none;\"><\/span>\n\t<\/div>\n<\/td>\n<td class=\"simcal-day-17 simcal-weekday-0 simcal-future simcal-day\" data-events-count=\"0\">\n\t<div>\n\t\t<span class=\"simcal-day-label simcal-day-number\">17<\/span>\n\t\t<span class=\"simcal-no-events\"><\/span>\n\t\t<span class=\"simcal-events-dots\" style=\"display: none;\"><\/span>\n\t<\/div>\n<\/td>\n<\/tr><tr class=\"simcal-week simcal-week-20\">\n<td class=\"simcal-day-18 simcal-weekday-1 simcal-future simcal-day\" data-events-count=\"0\">\n\t<div>\n\t\t<span class=\"simcal-day-label simcal-day-number\">18<\/span>\n\t\t<span class=\"simcal-no-events\"><\/span>\n\t\t<span class=\"simcal-events-dots\" style=\"display: none;\"><\/span>\n\t<\/div>\n<\/td>\n<td class=\"simcal-day-19 simcal-weekday-2 simcal-future simcal-day\" data-events-count=\"0\">\n\t<div>\n\t\t<span class=\"simcal-day-label simcal-day-number\">19<\/span>\n\t\t<span class=\"simcal-no-events\"><\/span>\n\t\t<span class=\"simcal-events-dots\" style=\"display: none;\"><\/span>\n\t<\/div>\n<\/td>\n<td class=\"simcal-day-20 simcal-weekday-3 simcal-future simcal-day\" data-events-count=\"0\">\n\t<div>\n\t\t<span class=\"simcal-day-label simcal-day-number\">20<\/span>\n\t\t<span class=\"simcal-no-events\"><\/span>\n\t\t<span class=\"simcal-events-dots\" style=\"display: none;\"><\/span>\n\t<\/div>\n<\/td>\n<td class=\"simcal-day-21 simcal-weekday-4 simcal-future simcal-day\" data-events-count=\"0\">\n\t<div>\n\t\t<span class=\"simcal-day-label simcal-day-number\">21<\/span>\n\t\t<span class=\"simcal-no-events\"><\/span>\n\t\t<span class=\"simcal-events-dots\" style=\"display: none;\"><\/span>\n\t<\/div>\n<\/td>\n<td class=\"simcal-day-22 simcal-weekday-5 simcal-future simcal-day\" data-events-count=\"0\">\n\t<div>\n\t\t<span class=\"simcal-day-label simcal-day-number\">22<\/span>\n\t\t<span class=\"simcal-no-events\"><\/span>\n\t\t<span class=\"simcal-events-dots\" style=\"display: none;\"><\/span>\n\t<\/div>\n<\/td>\n<td class=\"simcal-day-23 simcal-weekday-6 simcal-future simcal-day\" data-events-count=\"0\">\n\t<div>\n\t\t<span class=\"simcal-day-label simcal-day-number\">23<\/span>\n\t\t<span class=\"simcal-no-events\"><\/span>\n\t\t<span class=\"simcal-events-dots\" style=\"display: none;\"><\/span>\n\t<\/div>\n<\/td>\n<td class=\"simcal-day-24 simcal-weekday-0 simcal-future simcal-day\" data-events-count=\"0\">\n\t<div>\n\t\t<span class=\"simcal-day-label simcal-day-number\">24<\/span>\n\t\t<span class=\"simcal-no-events\"><\/span>\n\t\t<span class=\"simcal-events-dots\" style=\"display: none;\"><\/span>\n\t<\/div>\n<\/td>\n<\/tr><tr class=\"simcal-week simcal-week-21\">\n<td class=\"simcal-day-25 simcal-weekday-1 simcal-future simcal-day\" data-events-count=\"0\">\n\t<div>\n\t\t<span class=\"simcal-day-label simcal-day-number\">25<\/span>\n\t\t<span class=\"simcal-no-events\"><\/span>\n\t\t<span class=\"simcal-events-dots\" style=\"display: none;\"><\/span>\n\t<\/div>\n<\/td>\n<td class=\"simcal-day-26 simcal-weekday-2 simcal-future simcal-day\" data-events-count=\"0\">\n\t<div>\n\t\t<span class=\"simcal-day-label simcal-day-number\">26<\/span>\n\t\t<span class=\"simcal-no-events\"><\/span>\n\t\t<span class=\"simcal-events-dots\" style=\"display: none;\"><\/span>\n\t<\/div>\n<\/td>\n<td class=\"simcal-day-27 simcal-weekday-3 simcal-future simcal-day\" data-events-count=\"0\">\n\t<div>\n\t\t<span class=\"simcal-day-label simcal-day-number\">27<\/span>\n\t\t<span class=\"simcal-no-events\"><\/span>\n\t\t<span class=\"simcal-events-dots\" style=\"display: none;\"><\/span>\n\t<\/div>\n<\/td>\n<td class=\"simcal-day-28 simcal-weekday-4 simcal-future simcal-day\" data-events-count=\"0\">\n\t<div>\n\t\t<span class=\"simcal-day-label simcal-day-number\">28<\/span>\n\t\t<span class=\"simcal-no-events\"><\/span>\n\t\t<span class=\"simcal-events-dots\" style=\"display: none;\"><\/span>\n\t<\/div>\n<\/td>\n<td class=\"simcal-day-29 simcal-weekday-5 simcal-future simcal-day\" data-events-count=\"0\">\n\t<div>\n\t\t<span class=\"simcal-day-label simcal-day-number\">29<\/span>\n\t\t<span class=\"simcal-no-events\"><\/span>\n\t\t<span class=\"simcal-events-dots\" style=\"display: none;\"><\/span>\n\t<\/div>\n<\/td>\n<td class=\"simcal-day-30 simcal-weekday-6 simcal-future simcal-day simcal-day-has-events simcal-day-has-1-events simcal-events-calendar-82\" data-events-count=\"1\">\n\t<div>\n\t\t<span class=\"simcal-day-label simcal-day-number\" style=\"background-color: #000000; color: #ffffff\">30<\/span>\n\t\t<ul class=\"simcal-events\">\t<li class=\"simcal-event simcal-event-has-location simcal-events-calendar-82 simcal-tooltip\" itemscope itemtype=\"http:\/\/schema.org\/Event\">\n\t\t<span class=\"simcal-event-title\">Intervention en r\u00e9seau aupr\u00e8s des syst\u00e8mes maltraitants<\/span>\n\t\t<div class=\"simcal-event-details simcal-tooltip-content\" style=\"display: none;\"><p><strong><span class=\"simcal-event-title\" itemprop=\"name\">Intervention en r\u00e9seau aupr\u00e8s des syst\u00e8mes maltraitants<\/span><\/strong><\/p>\n<p><span class=\"simcal-event-start simcal-event-start-date\" data-event-start=\"1780126200\" data-event-format=\"j F Y\" itemprop=\"startDate\" content=\"2026-05-30T09:30:00+02:00\">30 mai 2026<\/span>&nbsp;@&nbsp;<span class=\"simcal-event-start simcal-event-start-time\" data-event-start=\"1780126200\" data-event-format=\"G \\h i \\m\\i\\n\" itemprop=\"startDate\" content=\"2026-05-30T09:30:00+02:00\">9 h 30 min<\/span> - <span class=\"simcal-event-end simcal-event-end-time\" data-event-end=\"1780155000\" data-event-format=\"G \\h i \\m\\i\\n\" itemprop=\"endDate\" content=\"2026-05-30T17:30:00+02:00\">17 h 30 min<\/span><br \/>\n <span class=\"simcal-event-address simcal-event-start-location\" itemprop=\"location\" itemscope itemtype=\"http:\/\/schema.org\/Place\"><meta itemprop=\"name\" content=\"Centre des Buttes-Chaumont. 20 rue du Rhin. 75019 Paris\" \/><meta itemprop=\"address\" content=\"Centre des Buttes-Chaumont. 20 rue du Rhin. 75019 Paris\" \/>Centre des Buttes-Chaumont. 20 rue du Rhin. 75019 Paris<\/span><\/p>\n<div><\/div>\n<p> <a href=\"https:\/\/www.google.com\/calendar\/event?eid=MW5wbmNkdml1azM3dWxpNWxmZ3RuNmFoNmUgMGlob25hNGFjbDA3NHFiNmoxYTRsc3M1aDhAZw&#038;ctz=Europe\/Paris\" target=\"_blank\" >Voir plus de d\u00e9tails<\/a><\/p><\/div>\n\t<\/li>\n<\/ul>\n\n\t\t<span class=\"simcal-events-dots\" style=\"display: none;\"><b style=\"color: #000;\"> &bull; <\/b><\/span>\n\t<\/div>\n<\/td>\n<td class=\"simcal-day-31 simcal-weekday-0 simcal-future simcal-day\" data-events-count=\"0\">\n\t<div>\n\t\t<span class=\"simcal-day-label simcal-day-number\">31<\/span>\n\t\t<span class=\"simcal-no-events\"><\/span>\n\t\t<span class=\"simcal-events-dots\" style=\"display: none;\"><\/span>\n\t<\/div>\n<\/td>\n<\/tr><td class=\"simcal-day simcal-day-void \"><\/td>\n<td class=\"simcal-day simcal-day-void \"><\/td>\n<td class=\"simcal-day simcal-day-void \"><\/td>\n<td class=\"simcal-day simcal-day-void \"><\/td>\n<td class=\"simcal-day simcal-day-void \"><\/td>\n<td class=\"simcal-day simcal-day-void \"><\/td>\n<td class=\"simcal-day simcal-day-void simcal-day-void-last\"><\/td>\n\t<\/tr>\n<\/tbody>\n\t \t\t\t\n            <\/table>\n\n\t\t\t<\/div>\n\n\n\n<p>Le Centre des Buttes-Chaumont est certifi\u00e9 Qualiopi pour les actions de Formation<\/p>\n","protected":false},"excerpt":{"rendered":"<p>T\u00e9l\u00e9charger le programme de la formation Public Assistants sociaux, \u00e9ducateurs sp\u00e9cialis\u00e9s, enseignants, infirmiers, magistrats, m\u00e9decins, policiers, psychiatres, psychoth\u00e9rapeutes et tous les professionnels ou b\u00e9n\u00e9voles de la protection de l&rsquo;enfance. Objectifs Ce cycle de formation est destin\u00e9 \u00e0 toute personne cherchant \u00e0 \u00e9toffer ses connaissances des syst\u00e8mes maltraitants, en articulant les aspects th\u00e9oriques, psychologiques et sociaux [&hellip;]<\/p>\n","protected":false},"author":1,"featured_media":0,"parent":13,"menu_order":2,"comment_status":"closed","ping_status":"closed","template":"","meta":{"jetpack_post_was_ever_published":false,"footnotes":""},"class_list":["post-15","page","type-page","status-publish","hentry"],"jetpack_sharing_enabled":true,"jetpack_shortlink":"https:\/\/wp.me\/P7cYqF-f","jetpack-related-posts":[],"_links":{"self":[{"href":"https:\/\/centre-des-buttes-chaumont.org\/index.php\/wp-json\/wp\/v2\/pages\/15","targetHints":{"allow":["GET"]}}],"collection":[{"href":"https:\/\/centre-des-buttes-chaumont.org\/index.php\/wp-json\/wp\/v2\/pages"}],"about":[{"href":"https:\/\/centre-des-buttes-chaumont.org\/index.php\/wp-json\/wp\/v2\/types\/page"}],"author":[{"embeddable":true,"href":"https:\/\/centre-des-buttes-chaumont.org\/index.php\/wp-json\/wp\/v2\/users\/1"}],"replies":[{"embeddable":true,"href":"https:\/\/centre-des-buttes-chaumont.org\/index.php\/wp-json\/wp\/v2\/comments?post=15"}],"version-history":[{"count":55,"href":"https:\/\/centre-des-buttes-chaumont.org\/index.php\/wp-json\/wp\/v2\/pages\/15\/revisions"}],"predecessor-version":[{"id":2233,"href":"https:\/\/centre-des-buttes-chaumont.org\/index.php\/wp-json\/wp\/v2\/pages\/15\/revisions\/2233"}],"up":[{"embeddable":true,"href":"https:\/\/centre-des-buttes-chaumont.org\/index.php\/wp-json\/wp\/v2\/pages\/13"}],"wp:attachment":[{"href":"https:\/\/centre-des-buttes-chaumont.org\/index.php\/wp-json\/wp\/v2\/media?parent=15"}],"curies":[{"name":"wp","href":"https:\/\/api.w.org\/{rel}","templated":true}]}}