{"id":1232,"date":"2022-03-02T11:16:06","date_gmt":"2022-03-02T10:16:06","guid":{"rendered":"https:\/\/centre-des-buttes-chaumont.org\/?page_id=1232"},"modified":"2022-03-02T11:27:05","modified_gmt":"2022-03-02T10:27:05","slug":"webinaires","status":"publish","type":"page","link":"https:\/\/centre-des-buttes-chaumont.org\/index.php\/interventions\/webinaires\/","title":{"rendered":"Webinaires"},"content":{"rendered":"<p>&nbsp;<\/p>\n<h2>Violences sexuelles faites aux enfants : mieux d\u00e9tecter, mieux accueillir la parole, mieux appr\u00e9hender l&rsquo;impact de la d\u00e9tection (dans un contexte de protection de l&rsquo;enfance)<\/h2>\n<h3 style=\"text-align: center;\">Le 10 mars 2022<\/h3>\n<h3 style=\"text-align: center;\">10H00-13H00 \/ 14H00-17H00<\/h3>\n<p>&nbsp;<\/p>\n<p>Webinaire (via Zoom de 6 heures \u2013 une journ\u00e9e)<\/p>\n\n\n<p><a href=\"https:\/\/centre-des-buttes-chaumont.org\/wp-content\/uploads\/2022\/03\/fiche-formation-webinaire-violences-sexuelles.pdf\" class=\"mtli_attachment mtli_pdf\"><br>T\u00e9l\u00e9charger le programme du webinaire<br><\/a><\/p>\n\n\n\n<p><\/p>\n","protected":false},"excerpt":{"rendered":"<p>&nbsp; Violences sexuelles faites aux enfants : mieux d\u00e9tecter, mieux accueillir la parole, mieux appr\u00e9hender l&rsquo;impact de la d\u00e9tection (dans un contexte de protection de l&rsquo;enfance) Le 10 mars 2022 10H00-13H00 \/ 14H00-17H00 &nbsp; Webinaire (via Zoom de 6 heures \u2013 une journ\u00e9e) T\u00e9l\u00e9charger le programme du webinaire<\/p>\n","protected":false},"author":2,"featured_media":0,"parent":32,"menu_order":1,"comment_status":"closed","ping_status":"closed","template":"","meta":{"jetpack_post_was_ever_published":false,"footnotes":""},"class_list":["post-1232","page","type-page","status-publish","hentry"],"jetpack_sharing_enabled":true,"jetpack_shortlink":"https:\/\/wp.me\/P7cYqF-jS","jetpack-related-posts":[],"_links":{"self":[{"href":"https:\/\/centre-des-buttes-chaumont.org\/index.php\/wp-json\/wp\/v2\/pages\/1232","targetHints":{"allow":["GET"]}}],"collection":[{"href":"https:\/\/centre-des-buttes-chaumont.org\/index.php\/wp-json\/wp\/v2\/pages"}],"about":[{"href":"https:\/\/centre-des-buttes-chaumont.org\/index.php\/wp-json\/wp\/v2\/types\/page"}],"author":[{"embeddable":true,"href":"https:\/\/centre-des-buttes-chaumont.org\/index.php\/wp-json\/wp\/v2\/users\/2"}],"replies":[{"embeddable":true,"href":"https:\/\/centre-des-buttes-chaumont.org\/index.php\/wp-json\/wp\/v2\/comments?post=1232"}],"version-history":[{"count":17,"href":"https:\/\/centre-des-buttes-chaumont.org\/index.php\/wp-json\/wp\/v2\/pages\/1232\/revisions"}],"predecessor-version":[{"id":1258,"href":"https:\/\/centre-des-buttes-chaumont.org\/index.php\/wp-json\/wp\/v2\/pages\/1232\/revisions\/1258"}],"up":[{"embeddable":true,"href":"https:\/\/centre-des-buttes-chaumont.org\/index.php\/wp-json\/wp\/v2\/pages\/32"}],"wp:attachment":[{"href":"https:\/\/centre-des-buttes-chaumont.org\/index.php\/wp-json\/wp\/v2\/media?parent=1232"}],"curies":[{"name":"wp","href":"https:\/\/api.w.org\/{rel}","templated":true}]}}